{"id":11491,"date":"2026-02-05T17:19:41","date_gmt":"2026-02-05T17:19:41","guid":{"rendered":"https:\/\/northlandvelo.eu\/?post_type=product&#038;p=11491"},"modified":"2026-02-11T18:40:25","modified_gmt":"2026-02-11T18:40:25","slug":"random-70-and-90mm-drum-brake-backing-plates","status":"publish","type":"product","link":"https:\/\/northlandvelo.eu\/de\/product\/random-70-and-90mm-drum-brake-backing-plates\/","title":{"rendered":"Gebrauchte Bremsplatten f\u00fcr Trommelbremsen"},"content":{"rendered":"<p>Weitere Teile \u00fcbrig. Dies sind nur die Platten. Einige haben den Drehzapfen, andere nicht. Was Sie auf dem Foto und in der Beschreibung zu jedem Artikel sehen, ist das, was Sie erhalten sollten. M\u00f6chten Sie sich vergewissern? Z\u00f6gern Sie nicht, mich zu kontaktieren. Ich m\u00f6chte, dass Sie mit Ihrem Kauf zufrieden sind.<\/p>","protected":false},"excerpt":{"rendered":"<p>Weitere Teile \u00fcbrig. Dies sind nur die Platten. Einige haben den Drehzapfen, andere nicht. Was Sie auf dem Foto und in der Beschreibung zu jedem Artikel sehen, ist das, was Sie erhalten sollten. M\u00f6chten Sie sich vergewissern? Z\u00f6gern Sie nicht, mich zu kontaktieren. Ich m\u00f6chte, dass Sie mit Ihrem Kauf zufrieden sind.<\/p>","protected":false},"featured_media":11384,"template":"","meta":[],"product_brand":[186],"product_cat":[112],"product_tag":[187],"class_list":{"0":"post-11491","1":"product","2":"type-product","3":"status-publish","4":"has-post-thumbnail","6":"product_brand-sturmey-archer","7":"product_cat-part","8":"product_tag-drum-brakes","9":"product_shipping_class-small","11":"first","12":"instock","13":"taxable","14":"shipping-taxable","15":"purchasable","16":"product-type-variable"},"_links":{"self":[{"href":"https:\/\/northlandvelo.eu\/de\/wp-json\/wp\/v2\/product\/11491","targetHints":{"allow":["GET"]}}],"collection":[{"href":"https:\/\/northlandvelo.eu\/de\/wp-json\/wp\/v2\/product"}],"about":[{"href":"https:\/\/northlandvelo.eu\/de\/wp-json\/wp\/v2\/types\/product"}],"wp:featuredmedia":[{"embeddable":true,"href":"https:\/\/northlandvelo.eu\/de\/wp-json\/wp\/v2\/media\/11384"}],"wp:attachment":[{"href":"https:\/\/northlandvelo.eu\/de\/wp-json\/wp\/v2\/media?parent=11491"}],"wp:term":[{"taxonomy":"product_brand","embeddable":true,"href":"https:\/\/northlandvelo.eu\/de\/wp-json\/wp\/v2\/product_brand?post=11491"},{"taxonomy":"product_cat","embeddable":true,"href":"https:\/\/northlandvelo.eu\/de\/wp-json\/wp\/v2\/product_cat?post=11491"},{"taxonomy":"product_tag","embeddable":true,"href":"https:\/\/northlandvelo.eu\/de\/wp-json\/wp\/v2\/product_tag?post=11491"}],"curies":[{"name":"wp","href":"https:\/\/api.w.org\/{rel}","templated":true}]}}