{"id":9196,"date":"2023-06-26T16:15:07","date_gmt":"2023-06-26T16:15:07","guid":{"rendered":"https:\/\/demo.wpzoom.com\/inspiro-lite-woo\/?post_type=product&#038;p=9196"},"modified":"2026-03-11T07:44:17","modified_gmt":"2026-03-11T07:44:17","slug":"brake-clamp","status":"publish","type":"product","link":"https:\/\/northlandvelo.eu\/de\/product\/brake-clamp\/","title":{"rendered":"1.6mm Velomobil-Bremszugschelle"},"content":{"rendered":"<p>Wenn Sie schon einmal die Zugklemmung an Trommelbremsen einstellen mussten, wissen Sie, wie unangenehm das sein kann. Es ist eine ziemliche Kunst, die Zugklemmung an Ort und Stelle zu halten, ohne die Kanten zu besch\u00e4digen, und das Kabel sieht danach auch nicht besonders gut aus. Velomobile SH hat die perfekte L\u00f6sung gefunden: das V4A. Diese Klemme erm\u00f6glicht es, das Bremskabel einfach zu sichern. Sie besteht aus zwei Teilen. Beim Anziehen der Schrauben kann der K\u00f6rper mit einem 10-mm-Maulschl\u00fcssel gesichert werden. Beim V4A ist sie wintertauglich und salzwasserbest\u00e4ndig, sodass sie nicht rostet.<\/p>\n<p>Einzeln verkauft<\/p>\n<p>Beim Installieren dieser Kabelklemmung sollten Sie unbedingt Ihre Bremsen sorgf\u00e4ltig testen und sicherstellen, dass diese Klemmen fest und korrekt montiert sind. Wenn Sie Ihre Bremsen zuvor noch nicht eingestellt haben, ist es ratsam, die Dienste eines qualifizierten H\u00e4ndlers in Ihrer N\u00e4he in Anspruch zu nehmen. Northland Velo.nl bietet derzeit keine Installation an. *Ungef\u00e4hr 5 Nm Drehmoment sind f\u00fcr die Kabelklemme ausreichend. Die Schrauben bestehen aus Edelstahl. Ein zu starkes Anziehen der Schrauben kann dazu f\u00fchren, dass die Schraubenk\u00f6pfe ausrei\u00dfen.<\/p>\n<p><iframe loading=\"lazy\" title=\"Velomobile Brake Cable Clamps with Easy Adjustment\" width=\"950\" height=\"534\" src=\"https:\/\/www.youtube.com\/embed\/v0XdKS0B6wM?feature=oembed\" frameborder=\"0\" allow=\"accelerometer; autoplay; clipboard-write; encrypted-media; gyroscope; picture-in-picture; web-share\" referrerpolicy=\"strict-origin-when-cross-origin\" allowfullscreen><\/iframe><\/p>","protected":false},"excerpt":{"rendered":"<p>If you&#8217;ve ever had to adjust the cable stop on drum brakes, you know what an unpleasant experience it is. It&#8217;s quite a trick to hold the cable stop in place without chewing up the edges, and the cable doesn&#8217;t come out looking too good either. Velomobile SH found the perfect solution: the V4A. This &hellip; <\/p>\n<p class=\"link-more\"><a href=\"https:\/\/northlandvelo.eu\/de\/product\/brake-clamp\/\" class=\"more-link\">Mehr <span class=\"screen-reader-text\">\u00fcber &#8220;1.6mm Velomobile Brake Cable Clamp&#8221; <\/span>Lesen<\/a><\/p>","protected":false},"featured_media":9532,"template":"","meta":[],"product_brand":[],"product_cat":[112],"product_tag":[122],"class_list":{"0":"post-9196","1":"product","2":"type-product","3":"status-publish","4":"has-post-thumbnail","6":"product_cat-part","7":"product_tag-brakes","8":"product_shipping_class-envelope","10":"first","11":"instock","12":"taxable","13":"shipping-taxable","14":"purchasable","15":"product-type-simple"},"_links":{"self":[{"href":"https:\/\/northlandvelo.eu\/de\/wp-json\/wp\/v2\/product\/9196","targetHints":{"allow":["GET"]}}],"collection":[{"href":"https:\/\/northlandvelo.eu\/de\/wp-json\/wp\/v2\/product"}],"about":[{"href":"https:\/\/northlandvelo.eu\/de\/wp-json\/wp\/v2\/types\/product"}],"wp:featuredmedia":[{"embeddable":true,"href":"https:\/\/northlandvelo.eu\/de\/wp-json\/wp\/v2\/media\/9532"}],"wp:attachment":[{"href":"https:\/\/northlandvelo.eu\/de\/wp-json\/wp\/v2\/media?parent=9196"}],"wp:term":[{"taxonomy":"product_brand","embeddable":true,"href":"https:\/\/northlandvelo.eu\/de\/wp-json\/wp\/v2\/product_brand?post=9196"},{"taxonomy":"product_cat","embeddable":true,"href":"https:\/\/northlandvelo.eu\/de\/wp-json\/wp\/v2\/product_cat?post=9196"},{"taxonomy":"product_tag","embeddable":true,"href":"https:\/\/northlandvelo.eu\/de\/wp-json\/wp\/v2\/product_tag?post=9196"}],"curies":[{"name":"wp","href":"https:\/\/api.w.org\/{rel}","templated":true}]}}