{"id":9550,"date":"2026-02-03T19:29:09","date_gmt":"2026-02-03T19:29:09","guid":{"rendered":"https:\/\/northlandvelo.eu\/?post_type=product&#038;p=9550"},"modified":"2026-03-06T13:39:31","modified_gmt":"2026-03-06T13:39:31","slug":"bugbox-air-vent","status":"publish","type":"product","link":"https:\/\/northlandvelo.eu\/de\/product\/bugbox-air-vent\/","title":{"rendered":"Bugbox Lufteinlass"},"content":{"rendered":"<p>\u00c4hnlich wie die in diesem Gesch\u00e4ft angebotene L\u00fcftungsoption bietet die BugBox von Velomobile-Nord eine Kombination aus leicht steuerbarem Luftstrom und einem Insektenschutznetz, um das Eindringen unerw\u00fcnschter Passagiere in Insektenform zu verhindern. Niemand m\u00f6chte, dass ihm eine Hornisse mit hoher Geschwindigkeit entgegenkommt. Erh\u00e4ltlich f\u00fcr mehrere Velomobil-Modelle.<\/p>","protected":false},"excerpt":{"rendered":"<p>\u00c4hnlich wie die in diesem Gesch\u00e4ft angebotene L\u00fcftungsoption bietet die BugBox von Velomobile-Nord eine Kombination aus leicht steuerbarem Luftstrom und einem Insektenschutznetz, um das Eindringen unerw\u00fcnschter Passagiere in Insektenform zu verhindern. Niemand m\u00f6chte, dass ihm eine Hornisse mit hoher Geschwindigkeit entgegenkommt. Erh\u00e4ltlich f\u00fcr mehrere Velomobil-Modelle.<\/p>","protected":false},"featured_media":9571,"template":"","meta":[],"product_brand":[],"product_cat":[116],"product_tag":[124],"class_list":{"0":"post-9550","1":"product","2":"type-product","3":"status-publish","4":"has-post-thumbnail","6":"product_cat-ventilaiton","7":"product_tag-bugbox","8":"product_shipping_class-small","10":"first","11":"instock","12":"taxable","13":"shipping-taxable","14":"purchasable","15":"product-type-variable"},"_links":{"self":[{"href":"https:\/\/northlandvelo.eu\/de\/wp-json\/wp\/v2\/product\/9550","targetHints":{"allow":["GET"]}}],"collection":[{"href":"https:\/\/northlandvelo.eu\/de\/wp-json\/wp\/v2\/product"}],"about":[{"href":"https:\/\/northlandvelo.eu\/de\/wp-json\/wp\/v2\/types\/product"}],"wp:featuredmedia":[{"embeddable":true,"href":"https:\/\/northlandvelo.eu\/de\/wp-json\/wp\/v2\/media\/9571"}],"wp:attachment":[{"href":"https:\/\/northlandvelo.eu\/de\/wp-json\/wp\/v2\/media?parent=9550"}],"wp:term":[{"taxonomy":"product_brand","embeddable":true,"href":"https:\/\/northlandvelo.eu\/de\/wp-json\/wp\/v2\/product_brand?post=9550"},{"taxonomy":"product_cat","embeddable":true,"href":"https:\/\/northlandvelo.eu\/de\/wp-json\/wp\/v2\/product_cat?post=9550"},{"taxonomy":"product_tag","embeddable":true,"href":"https:\/\/northlandvelo.eu\/de\/wp-json\/wp\/v2\/product_tag?post=9550"}],"curies":[{"name":"wp","href":"https:\/\/api.w.org\/{rel}","templated":true}]}}