{"id":9692,"date":"2026-02-04T10:29:11","date_gmt":"2026-02-04T10:29:11","guid":{"rendered":"https:\/\/northlandvelo.eu\/?post_type=product&#038;p=9692"},"modified":"2026-03-03T11:01:41","modified_gmt":"2026-03-03T11:01:41","slug":"rear-wheel-removal-kit","status":"publish","type":"product","link":"https:\/\/northlandvelo.eu\/de\/product\/rear-wheel-removal-kit\/","title":{"rendered":"Kit zum Ausbau des Hinterrads"},"content":{"rendered":"<p>Dieses unverzichtbare Set enth\u00e4lt alles, was Sie zum Ausbau des Hinterrads Ihres Velomobils mit einseitiger Schwinge ben\u00f6tigen. Enthaltene Werkzeuge: Achsenbolzenhalter, Hinterrad-Ratschenhalter und ein Werkzeug zum Ausrichten der Lager.<\/p>\n<p>Sperrklinkenhalter f\u00fcr das Hinterrad von Velomobilen mit einseitigen Schwingen. Der Halter dr\u00fcckt die Klinken nach unten, sodass Sie das Rad montieren k\u00f6nnen. Sobald alles an seinem Platz ist, entfernen Sie den Klinkenhalter. Durch das kleine Loch k\u00f6nnen Sie ein St\u00fcck Schnur oder Draht einf\u00fchren, mit dem Sie den Halter entfernen k\u00f6nnen.<\/p>\n<p>Dieses Design stammt von NUeB und basiert auf einer Remix-Version eines Designs von RobertS im deutschen Velomobil-Forum. Wenn Sie einen eigenen 3D-Drucker haben, k\u00f6nnen Sie das Design auf der Website Printables finden.\u00a0<a href=\"https:\/\/www.printables.com\/model\/285074-rear-wheel-ratchet-holder-velomobile-tool\/files\">Rear wheel ratchet holder &#8211; velomobile tool by NUeB | Download free STL model | Printables.com<\/a><\/p>\n<p>Das Achsbolzenhalter-Werkzeug h\u00e4lt den Bolzen fest durch eine Spannpassung. Der lange Griff erleichtert es erheblich, in den hinteren Radkasten zu greifen, um den Bolzen einzusetzen. Inspiriert von einem anderen Design von NueB, das Sie ebenfalls auf Printables finden k\u00f6nnen.<\/p>\n<p>Das Lagerausrichtwerkzeug erm\u00f6glicht es Ihnen, die Lager leichter auszurichten, bevor Sie die Hinterachse einsetzen.<\/p>\n<p>Zusammen verwendet machen diese drei Werkzeuge das Wiedereinbauen Ihres Hinterrads etwas weniger schrecklich (leider sind keine Pflaster enthalten). Brauchen Sie nicht das gesamte Set? Sie k\u00f6nnen auch jedes einzelne Teil unten separat bestellen.<\/p>\n<p><iframe loading=\"lazy\" title=\"Velomobile Tools from Northland Velo\" width=\"950\" height=\"534\" src=\"https:\/\/www.youtube.com\/embed\/MMbOFOaRUs4?feature=oembed\" frameborder=\"0\" allow=\"accelerometer; autoplay; clipboard-write; encrypted-media; gyroscope; picture-in-picture; web-share\" referrerpolicy=\"strict-origin-when-cross-origin\" allowfullscreen><\/iframe><\/p>","protected":false},"excerpt":{"rendered":"<p>This essential kit includes everything you need to remove the rear wheel on your single-sided swingarm velomobile. Tools included are: axle bolt holder, rear wheel ratchet holder, and a bearing alignment tool. Hub pawl ratchet holder for rear wheel of velomobiles with single-sided swingarms. The holder depresses the pawls so you can install the wheel. &hellip; <\/p>\n<p class=\"link-more\"><a href=\"https:\/\/northlandvelo.eu\/de\/product\/rear-wheel-removal-kit\/\" class=\"more-link\">Mehr <span class=\"screen-reader-text\">\u00fcber &#8220;Rear Wheel Removal Kit&#8221; <\/span>Lesen<\/a><\/p>","protected":false},"featured_media":9592,"template":"","meta":[],"product_brand":[],"product_cat":[109],"product_tag":[126],"class_list":{"0":"post-9692","1":"product","2":"type-product","3":"status-publish","4":"has-post-thumbnail","6":"product_cat-tools","7":"product_tag-rear-wheel-kit","8":"product_shipping_class-letterbox","10":"first","11":"instock","12":"taxable","13":"shipping-taxable","14":"purchasable","15":"product-type-variable"},"_links":{"self":[{"href":"https:\/\/northlandvelo.eu\/de\/wp-json\/wp\/v2\/product\/9692","targetHints":{"allow":["GET"]}}],"collection":[{"href":"https:\/\/northlandvelo.eu\/de\/wp-json\/wp\/v2\/product"}],"about":[{"href":"https:\/\/northlandvelo.eu\/de\/wp-json\/wp\/v2\/types\/product"}],"wp:featuredmedia":[{"embeddable":true,"href":"https:\/\/northlandvelo.eu\/de\/wp-json\/wp\/v2\/media\/9592"}],"wp:attachment":[{"href":"https:\/\/northlandvelo.eu\/de\/wp-json\/wp\/v2\/media?parent=9692"}],"wp:term":[{"taxonomy":"product_brand","embeddable":true,"href":"https:\/\/northlandvelo.eu\/de\/wp-json\/wp\/v2\/product_brand?post=9692"},{"taxonomy":"product_cat","embeddable":true,"href":"https:\/\/northlandvelo.eu\/de\/wp-json\/wp\/v2\/product_cat?post=9692"},{"taxonomy":"product_tag","embeddable":true,"href":"https:\/\/northlandvelo.eu\/de\/wp-json\/wp\/v2\/product_tag?post=9692"}],"curies":[{"name":"wp","href":"https:\/\/api.w.org\/{rel}","templated":true}]}}