{"id":9701,"date":"2026-02-04T10:47:40","date_gmt":"2026-02-04T10:47:40","guid":{"rendered":"https:\/\/northlandvelo.eu\/?post_type=product&#038;p=9701"},"modified":"2026-03-03T11:00:36","modified_gmt":"2026-03-03T11:00:36","slug":"velomobile-keychain-tpu","status":"publish","type":"product","link":"https:\/\/northlandvelo.eu\/de\/product\/velomobile-keychain-tpu\/","title":{"rendered":"Velomobil-Schl\u00fcsselanh\u00e4nger (TPU)"},"content":{"rendered":"<p>Diese Schl\u00fcsselanh\u00e4nger aus flexiblem und strapazierf\u00e4higem TPU sind eine sch\u00f6ne und langlebige M\u00f6glichkeit, Ihre Schl\u00fcssel zu organisieren. Aufgrund der Druckbeschr\u00e4nkungen bei TPU werden diese nur in einer einzigen Farbe angeboten. Wenn Sie eine andere Farbe als Schwarz oder Grau w\u00fcnschen, senden Sie bitte eine Nachricht mit Ihrer individuellen Farbwunsch. Derzeit nur f\u00fcr das Modell Buelk MK1 erh\u00e4ltlich. Die Designs f\u00fcr andere Modelle existieren jedoch bereits, sind aber noch nicht fertiggestellt. Wenn Sie an einem anderen Modell interessiert sind, kontaktieren Sie mich bitte, damit ich den Designprozess beschleunigen kann.<\/p>","protected":false},"excerpt":{"rendered":"<p>Made from flexible and durable TPU, these keychains are a nice durable way to organize your keys. Due to printing limitations with TPU, these are only offered in a single color. If you would like a color other than black or gray, please send a message for a custom color request. Currently only available for &hellip; <\/p>\n<p class=\"link-more\"><a href=\"https:\/\/northlandvelo.eu\/de\/product\/velomobile-keychain-tpu\/\" class=\"more-link\">Mehr <span class=\"screen-reader-text\">\u00fcber &#8220;Velomobile Keychain (TPU)&#8221; <\/span>Lesen<\/a><\/p>","protected":false},"featured_media":9703,"template":"","meta":[],"product_brand":[],"product_cat":[110],"product_tag":[127],"class_list":{"0":"post-9701","1":"product","2":"type-product","3":"status-publish","4":"has-post-thumbnail","6":"product_cat-gifts","7":"product_tag-keychain","8":"product_shipping_class-envelope","10":"first","11":"instock","12":"taxable","13":"shipping-taxable","14":"purchasable","15":"product-type-variable"},"_links":{"self":[{"href":"https:\/\/northlandvelo.eu\/de\/wp-json\/wp\/v2\/product\/9701","targetHints":{"allow":["GET"]}}],"collection":[{"href":"https:\/\/northlandvelo.eu\/de\/wp-json\/wp\/v2\/product"}],"about":[{"href":"https:\/\/northlandvelo.eu\/de\/wp-json\/wp\/v2\/types\/product"}],"wp:featuredmedia":[{"embeddable":true,"href":"https:\/\/northlandvelo.eu\/de\/wp-json\/wp\/v2\/media\/9703"}],"wp:attachment":[{"href":"https:\/\/northlandvelo.eu\/de\/wp-json\/wp\/v2\/media?parent=9701"}],"wp:term":[{"taxonomy":"product_brand","embeddable":true,"href":"https:\/\/northlandvelo.eu\/de\/wp-json\/wp\/v2\/product_brand?post=9701"},{"taxonomy":"product_cat","embeddable":true,"href":"https:\/\/northlandvelo.eu\/de\/wp-json\/wp\/v2\/product_cat?post=9701"},{"taxonomy":"product_tag","embeddable":true,"href":"https:\/\/northlandvelo.eu\/de\/wp-json\/wp\/v2\/product_tag?post=9701"}],"curies":[{"name":"wp","href":"https:\/\/api.w.org\/{rel}","templated":true}]}}