{"id":11071,"date":"2026-02-04T15:29:59","date_gmt":"2026-02-04T15:29:59","guid":{"rendered":"https:\/\/northlandvelo.eu\/?post_type=product&#038;p=11071"},"modified":"2026-03-03T10:30:53","modified_gmt":"2026-03-03T10:30:53","slug":"buelk-model-200mm","status":"publish","type":"product","link":"https:\/\/northlandvelo.eu\/fr\/product\/buelk-model-200mm\/","title":{"rendered":"Mod\u00e8le Buelk (200 mm)"},"content":{"rendered":"<p>Dans le cadre de notre offre de cadeaux, Northland Velo est fier de pr\u00e9senter des miniatures de v\u00e9lomobiles ! Ces mod\u00e8les ont \u00e9t\u00e9 d\u00e9velopp\u00e9s en collaboration avec les ing\u00e9nieurs Xander Brown et Niklas Bostelmann. Ces miniatures mesurent 20 cm de long. Les impressions comprendront un fond noir et une visi\u00e8re grise, avec un choix de couleurs pour le haut et le bas. En raison des complications suppl\u00e9mentaires li\u00e9es \u00e0 l'impression 3D et \u00e0 la peinture en couleur, la ligne de s\u00e9paration ne suivra pas les lignes de couleur standard des mod\u00e8les r\u00e9els.<\/p>\n<p>*Veuillez noter que l'impression 3D pr\u00e9sente certaines limites qui rendent difficile l'\u00e9limination des lignes de couche et la cr\u00e9ation de d\u00e9tails absolument parfaits, en particulier dans ce format r\u00e9duit. Ces mod\u00e8les sont imprim\u00e9s \u00e0 partir de PLA de qualit\u00e9 et peuvent \u00eatre peints \u00e0 la main. En raison de contraintes de temps et de comp\u00e9tences, Northland Velo ne propose pas de services de peinture \u00e0 la main pour le moment.<\/p>\n<p><iframe loading=\"lazy\" title=\"A Velomobile You Can Afford for the Holidays: Only at Northland Velo\" width=\"950\" height=\"534\" src=\"https:\/\/www.youtube.com\/embed\/LNDrJDIL9Go?feature=oembed\" frameborder=\"0\" allow=\"accelerometer; autoplay; clipboard-write; encrypted-media; gyroscope; picture-in-picture; web-share\" referrerpolicy=\"strict-origin-when-cross-origin\" allowfullscreen><\/iframe><\/p>","protected":false},"excerpt":{"rendered":"<p>As part of our gift offerings, Northland Velo is proud to introduce mini velomobile models! These models were developed in conjunction with engineers Xander Brown and Niklas Bostelmann. These miniature models are 20cm long. Prints will include a black bottom, and a gray visor with your choice of color for the top and bottom. Due &hellip; <\/p>\n<p class=\"link-more\"><a href=\"https:\/\/northlandvelo.eu\/fr\/product\/buelk-model-200mm\/\" class=\"more-link\">Lire la suite de<span class=\"screen-reader-text\">\u00ab\u00a0Buelk Model (200mm)\u00a0\u00bb<\/span><\/a><\/p>","protected":false},"featured_media":9661,"template":"","meta":[],"product_brand":[],"product_cat":[110],"product_tag":[130],"class_list":{"0":"post-11071","1":"product","2":"type-product","3":"status-publish","4":"has-post-thumbnail","6":"product_cat-gifts","7":"product_tag-model-velomobile","8":"product_shipping_class-small","10":"first","11":"instock","12":"taxable","13":"shipping-taxable","14":"purchasable","15":"product-type-variable"},"_links":{"self":[{"href":"https:\/\/northlandvelo.eu\/fr\/wp-json\/wp\/v2\/product\/11071","targetHints":{"allow":["GET"]}}],"collection":[{"href":"https:\/\/northlandvelo.eu\/fr\/wp-json\/wp\/v2\/product"}],"about":[{"href":"https:\/\/northlandvelo.eu\/fr\/wp-json\/wp\/v2\/types\/product"}],"wp:featuredmedia":[{"embeddable":true,"href":"https:\/\/northlandvelo.eu\/fr\/wp-json\/wp\/v2\/media\/9661"}],"wp:attachment":[{"href":"https:\/\/northlandvelo.eu\/fr\/wp-json\/wp\/v2\/media?parent=11071"}],"wp:term":[{"taxonomy":"product_brand","embeddable":true,"href":"https:\/\/northlandvelo.eu\/fr\/wp-json\/wp\/v2\/product_brand?post=11071"},{"taxonomy":"product_cat","embeddable":true,"href":"https:\/\/northlandvelo.eu\/fr\/wp-json\/wp\/v2\/product_cat?post=11071"},{"taxonomy":"product_tag","embeddable":true,"href":"https:\/\/northlandvelo.eu\/fr\/wp-json\/wp\/v2\/product_tag?post=11071"}],"curies":[{"name":"wp","href":"https:\/\/api.w.org\/{rel}","templated":true}]}}