{"id":11199,"date":"2026-02-04T18:27:56","date_gmt":"2026-02-04T18:27:56","guid":{"rendered":"https:\/\/northlandvelo.eu\/?post_type=product&#038;p=11199"},"modified":"2026-03-06T13:44:19","modified_gmt":"2026-03-06T13:44:19","slug":"alpha-series-gleitstangen","status":"publish","type":"product","link":"https:\/\/northlandvelo.eu\/fr\/product\/alpha-series-gleitstangen\/","title":{"rendered":"Alpha Series and Buelk MK1 Tank Steering Gleitstangen"},"content":{"rendered":"<p>Ces tiges sont un \u00e9l\u00e9ment essentiel de la suspension. La version d'origine est en aluminium, un mat\u00e9riau incroyablement l\u00e9ger, mais peu r\u00e9sistant. Par cons\u00e9quent, avec le temps, les tiges d'origine finissent par ressembler \u00e0 un arbre que le castor s'appr\u00eate \u00e0 abattre. Ce n'est pas ce que vous souhaitez pour vos pr\u00e9cieuses Gleitstangen. Axel H, de Velomobile SH, a mis au point ces tiges chrom\u00e9es en acier inoxydable qui pourraient probablement survivre \u00e0 l'apocalypse. Je pourrais vous proposer des pi\u00e8ces en aluminium, ce qui me garantirait une client\u00e8le fid\u00e8le, mais je pr\u00e9f\u00e8re vous offrir quelque chose qui ne s'usera jamais. Ces tiges sont usin\u00e9es en interne selon les sp\u00e9cifications les plus strictes.<\/p>\n<p>Le palier de tige pour seri Alpha vendu s\u00e9par\u00e9ment (il s'agit de la pi\u00e8ce noire sur la photo)<\/p>\n<p><iframe loading=\"lazy\" title=\"The best Gleitstangen for Alpha Velomobiles?\" width=\"950\" height=\"534\" src=\"https:\/\/www.youtube.com\/embed\/9Kif7Gyl9qI?feature=oembed\" frameborder=\"0\" allow=\"accelerometer; autoplay; clipboard-write; encrypted-media; gyroscope; picture-in-picture; web-share\" referrerpolicy=\"strict-origin-when-cross-origin\" allowfullscreen><\/iframe><\/p>","protected":false},"excerpt":{"rendered":"<p>I&#8217;ll be honest; I have no idea what the word for these is in english. What I do know is that these are a critical suspension part. The original factory version is out of aluminum which, while incredibly light, is not very durable. As a result, the factory Gleitstangen will start to look over time &hellip; <\/p>\n<p class=\"link-more\"><a href=\"https:\/\/northlandvelo.eu\/fr\/product\/alpha-series-gleitstangen\/\" class=\"more-link\">Lire la suite de<span class=\"screen-reader-text\">\u00ab\u00a0Alpha Series and Buelk MK1 Tank Steering Gleitstangen\u00a0\u00bb<\/span><\/a><\/p>","protected":false},"featured_media":11201,"template":"","meta":[],"product_brand":[],"product_cat":[112],"product_tag":[142,141],"class_list":{"0":"post-11199","1":"product","2":"type-product","3":"status-publish","4":"has-post-thumbnail","6":"product_cat-part","7":"product_tag-alpha","8":"product_tag-gleitstangen","9":"product_shipping_class-small","11":"first","12":"instock","13":"taxable","14":"shipping-taxable","15":"purchasable","16":"product-type-variable"},"_links":{"self":[{"href":"https:\/\/northlandvelo.eu\/fr\/wp-json\/wp\/v2\/product\/11199","targetHints":{"allow":["GET"]}}],"collection":[{"href":"https:\/\/northlandvelo.eu\/fr\/wp-json\/wp\/v2\/product"}],"about":[{"href":"https:\/\/northlandvelo.eu\/fr\/wp-json\/wp\/v2\/types\/product"}],"wp:featuredmedia":[{"embeddable":true,"href":"https:\/\/northlandvelo.eu\/fr\/wp-json\/wp\/v2\/media\/11201"}],"wp:attachment":[{"href":"https:\/\/northlandvelo.eu\/fr\/wp-json\/wp\/v2\/media?parent=11199"}],"wp:term":[{"taxonomy":"product_brand","embeddable":true,"href":"https:\/\/northlandvelo.eu\/fr\/wp-json\/wp\/v2\/product_brand?post=11199"},{"taxonomy":"product_cat","embeddable":true,"href":"https:\/\/northlandvelo.eu\/fr\/wp-json\/wp\/v2\/product_cat?post=11199"},{"taxonomy":"product_tag","embeddable":true,"href":"https:\/\/northlandvelo.eu\/fr\/wp-json\/wp\/v2\/product_tag?post=11199"}],"curies":[{"name":"wp","href":"https:\/\/api.w.org\/{rel}","templated":true}]}}