{"id":11207,"date":"2026-02-04T18:41:37","date_gmt":"2026-02-04T18:41:37","guid":{"rendered":"https:\/\/northlandvelo.eu\/?post_type=product&#038;p=11207"},"modified":"2026-02-22T15:23:51","modified_gmt":"2026-02-22T15:23:51","slug":"vemo-mini-bag","status":"publish","type":"product","link":"https:\/\/northlandvelo.eu\/fr\/product\/vemo-mini-bag\/","title":{"rendered":"Mini sac VeMo"},"content":{"rendered":"<p>L\u2019alternative id\u00e9ale pour transporter votre portefeuille. Vous avez oubli\u00e9 votre portefeuille ? Avec le mini sac VeMo, vous pouvez garder une r\u00e9serve d'argent liquide dans votre v\u00e9lomobile \u00e0 tout moment. Vous pr\u00e9f\u00e9rez ne pas emporter votre portefeuille lorsque vous roulez ? Le mini sac VeMo est l\u2019alternative id\u00e9ale. Il est \u00e9galement parfait pour ranger vos cl\u00e9s ou tout autre petit objet que vous ne voulez pas voir se balader dans votre v\u00e9lomobile. Se fixe facilement \u00e0 n'importe quel endroit gr\u00e2ce \u00e0 son velcro. Les bords sont r\u00e9sistants \u00e0 l'effilochage. Le velcro est inclus pour l'installation. Dimensions : 9,5 cm de haut, 11,5 cm de large et 0,5 cm d'\u00e9paisseur.<\/p>","protected":false},"excerpt":{"rendered":"<p>The perfect replacement for carrying a wallet. Forgot to bring your wallet with? With the VeMo mini bag you can keep a stash of cash in your velomobile at all times. Prefer not to bring your wallet with when you ride? The VeMo mini is the ideal replacement. It&#8217;s also perfect for stashing your keys &hellip; <\/p>\n<p class=\"link-more\"><a href=\"https:\/\/northlandvelo.eu\/fr\/product\/vemo-mini-bag\/\" class=\"more-link\">Lire la suite de<span class=\"screen-reader-text\">\u00ab\u00a0Vemo Mini Bag\u00a0\u00bb<\/span><\/a><\/p>","protected":false},"featured_media":9619,"template":"","meta":[],"product_brand":[143],"product_cat":[66,119],"product_tag":[144],"class_list":{"0":"post-11207","1":"product","2":"type-product","3":"status-publish","4":"has-post-thumbnail","6":"product_brand-vemo","7":"product_cat-accessories","8":"product_cat-comfort","9":"product_tag-vemo-bag","10":"product_shipping_class-envelope","12":"first","13":"instock","14":"taxable","15":"shipping-taxable","16":"purchasable","17":"product-type-simple"},"_links":{"self":[{"href":"https:\/\/northlandvelo.eu\/fr\/wp-json\/wp\/v2\/product\/11207","targetHints":{"allow":["GET"]}}],"collection":[{"href":"https:\/\/northlandvelo.eu\/fr\/wp-json\/wp\/v2\/product"}],"about":[{"href":"https:\/\/northlandvelo.eu\/fr\/wp-json\/wp\/v2\/types\/product"}],"wp:featuredmedia":[{"embeddable":true,"href":"https:\/\/northlandvelo.eu\/fr\/wp-json\/wp\/v2\/media\/9619"}],"wp:attachment":[{"href":"https:\/\/northlandvelo.eu\/fr\/wp-json\/wp\/v2\/media?parent=11207"}],"wp:term":[{"taxonomy":"product_brand","embeddable":true,"href":"https:\/\/northlandvelo.eu\/fr\/wp-json\/wp\/v2\/product_brand?post=11207"},{"taxonomy":"product_cat","embeddable":true,"href":"https:\/\/northlandvelo.eu\/fr\/wp-json\/wp\/v2\/product_cat?post=11207"},{"taxonomy":"product_tag","embeddable":true,"href":"https:\/\/northlandvelo.eu\/fr\/wp-json\/wp\/v2\/product_tag?post=11207"}],"curies":[{"name":"wp","href":"https:\/\/api.w.org\/{rel}","templated":true}]}}