{"id":11214,"date":"2026-02-04T18:53:34","date_gmt":"2026-02-04T18:53:34","guid":{"rendered":"https:\/\/northlandvelo.eu\/?post_type=product&#038;p=11214"},"modified":"2026-02-10T20:23:55","modified_gmt":"2026-02-10T20:23:55","slug":"idler-guard","status":"publish","type":"product","link":"https:\/\/northlandvelo.eu\/fr\/product\/idler-guard\/","title":{"rendered":"Protection de la roulette"},"content":{"rendered":"<p>Certaines v\u00e9lomobiles modernes pr\u00e9sentent un probl\u00e8me assez g\u00eanant : la cha\u00eene d\u00e9raille de la  roulette. Ce simple garde-cha\u00eene se monte sur l'axe de la roulette et emp\u00eache cela de se produire. Cette version convient aux v\u00e9lomobiles Buelks, Milans et autres v\u00e9lomobiles \u00e9quip\u00e9s d'une roulette de cette taille.<\/p>\n<p>N\u00e9cessite le retrait de la roulette pour l'installation. Les entretoises install\u00e9es autour de la roulette devront probablement \u00eatre r\u00e9duites en taille. Des entretoises sur mesure peuvent \u00eatre imprim\u00e9es sur demande et apr\u00e8s soumission des dimensions.<\/p>","protected":false},"excerpt":{"rendered":"<p>Some modern velomobiles have a rather inconvenient problem of the chain coming off the idler. This simple guard mounts on the idler axle and prevents that from happening. This version will fit Buelks, Milans, and other velomobiles with this size of idler. Requires removal of the idler for installation. Spacers installed around idler likely will &hellip; <\/p>\n<p class=\"link-more\"><a href=\"https:\/\/northlandvelo.eu\/fr\/product\/idler-guard\/\" class=\"more-link\">Lire la suite de<span class=\"screen-reader-text\">\u00ab\u00a0Idler Guard\u00a0\u00bb<\/span><\/a><\/p>","protected":false},"featured_media":9524,"template":"","meta":[],"product_brand":[],"product_cat":[66,120],"product_tag":[147],"class_list":{"0":"post-11214","1":"product","2":"type-product","3":"status-publish","4":"has-post-thumbnail","6":"product_cat-accessories","7":"product_cat-drivetrain","8":"product_tag-idler-guard","9":"product_shipping_class-letterbox","11":"first","12":"instock","13":"taxable","14":"shipping-taxable","15":"purchasable","16":"product-type-simple"},"_links":{"self":[{"href":"https:\/\/northlandvelo.eu\/fr\/wp-json\/wp\/v2\/product\/11214","targetHints":{"allow":["GET"]}}],"collection":[{"href":"https:\/\/northlandvelo.eu\/fr\/wp-json\/wp\/v2\/product"}],"about":[{"href":"https:\/\/northlandvelo.eu\/fr\/wp-json\/wp\/v2\/types\/product"}],"wp:featuredmedia":[{"embeddable":true,"href":"https:\/\/northlandvelo.eu\/fr\/wp-json\/wp\/v2\/media\/9524"}],"wp:attachment":[{"href":"https:\/\/northlandvelo.eu\/fr\/wp-json\/wp\/v2\/media?parent=11214"}],"wp:term":[{"taxonomy":"product_brand","embeddable":true,"href":"https:\/\/northlandvelo.eu\/fr\/wp-json\/wp\/v2\/product_brand?post=11214"},{"taxonomy":"product_cat","embeddable":true,"href":"https:\/\/northlandvelo.eu\/fr\/wp-json\/wp\/v2\/product_cat?post=11214"},{"taxonomy":"product_tag","embeddable":true,"href":"https:\/\/northlandvelo.eu\/fr\/wp-json\/wp\/v2\/product_tag?post=11214"}],"curies":[{"name":"wp","href":"https:\/\/api.w.org\/{rel}","templated":true}]}}