{"id":11222,"date":"2026-02-04T19:06:19","date_gmt":"2026-02-04T19:06:19","guid":{"rendered":"https:\/\/northlandvelo.eu\/?post_type=product&#038;p=11222"},"modified":"2026-02-10T20:22:48","modified_gmt":"2026-02-10T20:22:48","slug":"keeleazy-tape","status":"publish","type":"product","link":"https:\/\/northlandvelo.eu\/fr\/product\/keeleazy-tape\/","title":{"rendered":"Ruban KeelEazy"},"content":{"rendered":"<p>Le ruban Keel Eazy est un excellent moyen de prot\u00e9ger les bosselages au niveau des talons et autres zones vuln\u00e9rables de votre v\u00e9lomobile. Keel Eazy est normalement utilis\u00e9 sur les quilles des cano\u00ebs et des kayaks. Il est tr\u00e8s r\u00e9sistant et facile \u00e0 appliquer. Il suffit de le couper \u00e0 la taille souhait\u00e9e et de le chauffer \u00e0 l'aide d'un d\u00e9capeur thermique pour activer l'adh\u00e9sif.<\/p>\n<p>Vendu en bande de 30 cm de long et 3 cm de large. Si vous en achetez 2 ou plus, vous recevrez une bande plus longue que vous pourrez couper \u00e0 la taille souhait\u00e9e.<\/p>\n<p>Veillez \u00e0 nettoyer soigneusement la surface \u00e0 l'eau et au savon avant application, puis effectuez un nettoyage final \u00e0 l'alcool isopropylique afin d'assurer la meilleure adh\u00e9rence possible. Cela est particuli\u00e8rement important sur les v\u00e9lomobiles neufs, car ils peuvent encore pr\u00e9senter des traces de graisse.<\/p>","protected":false},"excerpt":{"rendered":"<p>Keel Eazy tape is a great way to protect the heel bumps and other vulnerable areas of your velomobile. Keel Eazy is normally used on the keels of canoes and kayaks. It is highly durable and easy to apply. Just cut to size and heat with a heat gun to activate the adhesive. Sold in &hellip; <\/p>\n<p class=\"link-more\"><a href=\"https:\/\/northlandvelo.eu\/fr\/product\/keeleazy-tape\/\" class=\"more-link\">Lire la suite de<span class=\"screen-reader-text\">\u00ab\u00a0KeelEazy Tape\u00a0\u00bb<\/span><\/a><\/p>","protected":false},"featured_media":9599,"template":"","meta":[],"product_brand":[149],"product_cat":[66,118],"product_tag":[150],"class_list":{"0":"post-11222","1":"product","2":"type-product","3":"status-publish","4":"has-post-thumbnail","6":"product_brand-keeleazy","7":"product_cat-accessories","8":"product_cat-safety","9":"product_tag-keeleazy","10":"product_shipping_class-letterbox","12":"first","13":"instock","14":"taxable","15":"shipping-taxable","16":"purchasable","17":"product-type-simple"},"_links":{"self":[{"href":"https:\/\/northlandvelo.eu\/fr\/wp-json\/wp\/v2\/product\/11222","targetHints":{"allow":["GET"]}}],"collection":[{"href":"https:\/\/northlandvelo.eu\/fr\/wp-json\/wp\/v2\/product"}],"about":[{"href":"https:\/\/northlandvelo.eu\/fr\/wp-json\/wp\/v2\/types\/product"}],"wp:featuredmedia":[{"embeddable":true,"href":"https:\/\/northlandvelo.eu\/fr\/wp-json\/wp\/v2\/media\/9599"}],"wp:attachment":[{"href":"https:\/\/northlandvelo.eu\/fr\/wp-json\/wp\/v2\/media?parent=11222"}],"wp:term":[{"taxonomy":"product_brand","embeddable":true,"href":"https:\/\/northlandvelo.eu\/fr\/wp-json\/wp\/v2\/product_brand?post=11222"},{"taxonomy":"product_cat","embeddable":true,"href":"https:\/\/northlandvelo.eu\/fr\/wp-json\/wp\/v2\/product_cat?post=11222"},{"taxonomy":"product_tag","embeddable":true,"href":"https:\/\/northlandvelo.eu\/fr\/wp-json\/wp\/v2\/product_tag?post=11222"}],"curies":[{"name":"wp","href":"https:\/\/api.w.org\/{rel}","templated":true}]}}