{"id":11224,"date":"2026-02-04T19:12:37","date_gmt":"2026-02-04T19:12:37","guid":{"rendered":"https:\/\/northlandvelo.eu\/?post_type=product&#038;p=11224"},"modified":"2026-02-22T13:26:13","modified_gmt":"2026-02-22T13:26:13","slug":"3d-printed-toolbox","status":"publish","type":"product","link":"https:\/\/northlandvelo.eu\/fr\/product\/3d-printed-toolbox\/","title":{"rendered":"Bo\u00eete \u00e0 outils imprim\u00e9e en 3D"},"content":{"rendered":"<p>Con\u00e7ue sur mesure pour s'adapter parfaitement au compartiment arri\u00e8re des v\u00e9lomobiles Buelk (et d'autres v\u00e9lomobiles \u00e9galement), la bo\u00eete \u00e0 outils est la solution id\u00e9ale pour ranger vos chambres \u00e0 air et vos outils de rechange pendant que vous roulez. Elle comprend un compartiment s\u00e9par\u00e9 pour vos chambres \u00e0 air et un autre compartiment plus grand pour vos outils. La bo\u00eete \u00e0 outils est disponible en gris sid\u00e9ral et en noir. Si vous souhaitez une autre couleur, veuillez contacter info@northlandvelo.com pour obtenir un devis personnalis\u00e9.<\/p>\n<p>Veuillez noter que les articles imprim\u00e9s en 3D peuvent parfois pr\u00e9senter de petits d\u00e9fauts esth\u00e9tiques. Ces d\u00e9fauts n'ont aucune incidence sur le fonctionnement du produit et sont purement esth\u00e9tiques. Veuillez \u00e9galement noter que les mat\u00e9riaux imprim\u00e9s en 3D sont en plastique et sont susceptibles de se rayer.<\/p>\n<p><iframe loading=\"lazy\" title=\"Pimp Your Velomobile: the Buelk Toolbox\" width=\"950\" height=\"534\" src=\"https:\/\/www.youtube.com\/embed\/FcI5UyTnmlw?feature=oembed\" frameborder=\"0\" allow=\"accelerometer; autoplay; clipboard-write; encrypted-media; gyroscope; picture-in-picture; web-share\" referrerpolicy=\"strict-origin-when-cross-origin\" allowfullscreen><\/iframe><\/p>","protected":false},"excerpt":{"rendered":"<p>Custom sized to fit perfectly in the rear tray of Buelk velomobiles (and other velomobiles as well), the Toolbox is the perfect solution to keep your spares tubes and tools organized while riding, featuring a separate compartment for your inner tubes and another larger compartment for your tools. The toolbox is available in both space &hellip; <\/p>\n<p class=\"link-more\"><a href=\"https:\/\/northlandvelo.eu\/fr\/product\/3d-printed-toolbox\/\" class=\"more-link\">Lire la suite de<span class=\"screen-reader-text\">\u00ab\u00a03D Printed Toolbox\u00a0\u00bb<\/span><\/a><\/p>","protected":false},"featured_media":9597,"template":"","meta":[],"product_brand":[],"product_cat":[66,109],"product_tag":[151],"class_list":{"0":"post-11224","1":"product","2":"type-product","3":"status-publish","4":"has-post-thumbnail","6":"product_cat-accessories","7":"product_cat-tools","8":"product_tag-toolbox","9":"product_shipping_class-small","11":"first","12":"instock","13":"taxable","14":"shipping-taxable","15":"purchasable","16":"product-type-variable"},"_links":{"self":[{"href":"https:\/\/northlandvelo.eu\/fr\/wp-json\/wp\/v2\/product\/11224","targetHints":{"allow":["GET"]}}],"collection":[{"href":"https:\/\/northlandvelo.eu\/fr\/wp-json\/wp\/v2\/product"}],"about":[{"href":"https:\/\/northlandvelo.eu\/fr\/wp-json\/wp\/v2\/types\/product"}],"wp:featuredmedia":[{"embeddable":true,"href":"https:\/\/northlandvelo.eu\/fr\/wp-json\/wp\/v2\/media\/9597"}],"wp:attachment":[{"href":"https:\/\/northlandvelo.eu\/fr\/wp-json\/wp\/v2\/media?parent=11224"}],"wp:term":[{"taxonomy":"product_brand","embeddable":true,"href":"https:\/\/northlandvelo.eu\/fr\/wp-json\/wp\/v2\/product_brand?post=11224"},{"taxonomy":"product_cat","embeddable":true,"href":"https:\/\/northlandvelo.eu\/fr\/wp-json\/wp\/v2\/product_cat?post=11224"},{"taxonomy":"product_tag","embeddable":true,"href":"https:\/\/northlandvelo.eu\/fr\/wp-json\/wp\/v2\/product_tag?post=11224"}],"curies":[{"name":"wp","href":"https:\/\/api.w.org\/{rel}","templated":true}]}}