{"id":11232,"date":"2026-02-04T19:23:24","date_gmt":"2026-02-04T19:23:24","guid":{"rendered":"https:\/\/northlandvelo.eu\/?post_type=product&#038;p=11232"},"modified":"2026-02-22T13:15:40","modified_gmt":"2026-02-22T13:15:40","slug":"snackpack-elbow-rests","status":"publish","type":"product","link":"https:\/\/northlandvelo.eu\/fr\/product\/snackpack-elbow-rests\/","title":{"rendered":"Accoudoirs SnackPack"},"content":{"rendered":"<p>Fabriqu\u00e9s en TPE souple 83a, ces accoudoirs offrent un confort et une durabilit\u00e9 optimaux. En plus de leur surface souple et confortable, ils disposent \u00e9galement d'un compartiment pour ranger des collations ou de petits objets. Ils peuvent \u00eatre fix\u00e9s aux parois de votre v\u00e9lomobile \u00e0 l'aide de velcro. Veuillez noter que les accoudoirs seront l\u00e9g\u00e8rement plus fermes par temps froid en raison de la nature du plastique. J'ai constat\u00e9 qu'ils restaient confortables et offraient un bon soutien m\u00eame par temps extr\u00eamement froid.<\/p>\n<p>Veuillez noter que les articles imprim\u00e9s en 3D peuvent parfois pr\u00e9senter de petits d\u00e9fauts esth\u00e9tiques. Ces d\u00e9fauts n'ont aucune incidence sur le fonctionnement du produit et sont purement esth\u00e9tiques. Veuillez \u00e9galement noter que les mat\u00e9riaux imprim\u00e9s en 3D sont en plastique et sont susceptibles de se rayer.<\/p>\n<p><iframe loading=\"lazy\" title=\"Pimp Your Ride Ep. 1: 3D Printing Meets the Velomobile\" width=\"950\" height=\"534\" src=\"https:\/\/www.youtube.com\/embed\/tRf2uGU-o7Q?feature=oembed\" frameborder=\"0\" allow=\"accelerometer; autoplay; clipboard-write; encrypted-media; gyroscope; picture-in-picture; web-share\" referrerpolicy=\"strict-origin-when-cross-origin\" allowfullscreen><\/iframe><\/p>","protected":false},"excerpt":{"rendered":"<p>Made of snice soft 83a TPE, these elbow rests are the ultimate in comfort and durability. In addition to the soft supportive surface, they also offer a compartment to hold snacks or small items. They can be attached to the walls of your velomobile using velcro. Please note that the elbow rests will be somewhat &hellip; <\/p>\n<p class=\"link-more\"><a href=\"https:\/\/northlandvelo.eu\/fr\/product\/snackpack-elbow-rests\/\" class=\"more-link\">Lire la suite de<span class=\"screen-reader-text\">\u00ab\u00a0SnackPack Elbow Rests\u00a0\u00bb<\/span><\/a><\/p>","protected":false},"featured_media":9688,"template":"","meta":[],"product_brand":[],"product_cat":[66,119,111],"product_tag":[],"class_list":{"0":"post-11232","1":"product","2":"type-product","3":"status-publish","4":"has-post-thumbnail","6":"product_cat-accessories","7":"product_cat-comfort","8":"product_cat-new","9":"product_shipping_class-small","11":"first","12":"instock","13":"taxable","14":"shipping-taxable","15":"purchasable","16":"product-type-simple"},"_links":{"self":[{"href":"https:\/\/northlandvelo.eu\/fr\/wp-json\/wp\/v2\/product\/11232","targetHints":{"allow":["GET"]}}],"collection":[{"href":"https:\/\/northlandvelo.eu\/fr\/wp-json\/wp\/v2\/product"}],"about":[{"href":"https:\/\/northlandvelo.eu\/fr\/wp-json\/wp\/v2\/types\/product"}],"wp:featuredmedia":[{"embeddable":true,"href":"https:\/\/northlandvelo.eu\/fr\/wp-json\/wp\/v2\/media\/9688"}],"wp:attachment":[{"href":"https:\/\/northlandvelo.eu\/fr\/wp-json\/wp\/v2\/media?parent=11232"}],"wp:term":[{"taxonomy":"product_brand","embeddable":true,"href":"https:\/\/northlandvelo.eu\/fr\/wp-json\/wp\/v2\/product_brand?post=11232"},{"taxonomy":"product_cat","embeddable":true,"href":"https:\/\/northlandvelo.eu\/fr\/wp-json\/wp\/v2\/product_cat?post=11232"},{"taxonomy":"product_tag","embeddable":true,"href":"https:\/\/northlandvelo.eu\/fr\/wp-json\/wp\/v2\/product_tag?post=11232"}],"curies":[{"name":"wp","href":"https:\/\/api.w.org\/{rel}","templated":true}]}}