{"id":11251,"date":"2026-02-04T19:55:11","date_gmt":"2026-02-04T19:55:11","guid":{"rendered":"https:\/\/northlandvelo.eu\/?post_type=product&#038;p=11251"},"modified":"2026-02-10T20:19:13","modified_gmt":"2026-02-10T20:19:13","slug":"garmin-edge-or-wahoo-gps-holder","status":"publish","type":"product","link":"https:\/\/northlandvelo.eu\/fr\/product\/garmin-edge-or-wahoo-gps-holder\/","title":{"rendered":"Support GPS Garmin Edge ou Wahoo"},"content":{"rendered":"<p>Ce support adh\u00e9sif est une solution simple et pratique pour fixer votre appareil GPS. Disponible avec un support Garmin ou Wahoo. Il peut \u00eatre fix\u00e9 sur n'importe quelle surface relativement plane de votre v\u00e9lomobile \u00e0 l'aide du ruban adh\u00e9sif VHB puissant fourni.<\/p>\n<p><iframe loading=\"lazy\" title=\"Garmin Adhesive Mount for Velomobiles\" width=\"950\" height=\"534\" src=\"https:\/\/www.youtube.com\/embed\/5Inb868gpHg?feature=oembed\" frameborder=\"0\" allow=\"accelerometer; autoplay; clipboard-write; encrypted-media; gyroscope; picture-in-picture; web-share\" referrerpolicy=\"strict-origin-when-cross-origin\" allowfullscreen><\/iframe><\/p>","protected":false},"excerpt":{"rendered":"<p>Ce support adh\u00e9sif est une solution simple et pratique pour fixer votre appareil GPS. Disponible avec un support Garmin ou Wahoo. Il peut \u00eatre fix\u00e9 sur n'importe quelle surface relativement plane de votre v\u00e9lomobile \u00e0 l'aide du ruban adh\u00e9sif VHB puissant fourni.<\/p>","protected":false},"featured_media":11256,"template":"","meta":[],"product_brand":[],"product_cat":[66,121],"product_tag":[131],"class_list":{"0":"post-11251","1":"product","2":"type-product","3":"status-publish","4":"has-post-thumbnail","6":"product_cat-accessories","7":"product_cat-gps","8":"product_tag-gps-mount","9":"product_shipping_class-envelope","11":"first","12":"instock","13":"taxable","14":"shipping-taxable","15":"purchasable","16":"product-type-variable"},"_links":{"self":[{"href":"https:\/\/northlandvelo.eu\/fr\/wp-json\/wp\/v2\/product\/11251","targetHints":{"allow":["GET"]}}],"collection":[{"href":"https:\/\/northlandvelo.eu\/fr\/wp-json\/wp\/v2\/product"}],"about":[{"href":"https:\/\/northlandvelo.eu\/fr\/wp-json\/wp\/v2\/types\/product"}],"wp:featuredmedia":[{"embeddable":true,"href":"https:\/\/northlandvelo.eu\/fr\/wp-json\/wp\/v2\/media\/11256"}],"wp:attachment":[{"href":"https:\/\/northlandvelo.eu\/fr\/wp-json\/wp\/v2\/media?parent=11251"}],"wp:term":[{"taxonomy":"product_brand","embeddable":true,"href":"https:\/\/northlandvelo.eu\/fr\/wp-json\/wp\/v2\/product_brand?post=11251"},{"taxonomy":"product_cat","embeddable":true,"href":"https:\/\/northlandvelo.eu\/fr\/wp-json\/wp\/v2\/product_cat?post=11251"},{"taxonomy":"product_tag","embeddable":true,"href":"https:\/\/northlandvelo.eu\/fr\/wp-json\/wp\/v2\/product_tag?post=11251"}],"curies":[{"name":"wp","href":"https:\/\/api.w.org\/{rel}","templated":true}]}}