{"id":11255,"date":"2026-02-04T20:00:27","date_gmt":"2026-02-04T20:00:27","guid":{"rendered":"https:\/\/northlandvelo.eu\/?post_type=product&#038;p=11255"},"modified":"2026-02-22T12:54:56","modified_gmt":"2026-02-22T12:54:56","slug":"nubbsi-visor-grip","status":"publish","type":"product","link":"https:\/\/northlandvelo.eu\/fr\/product\/nubbsi-visor-grip\/","title":{"rendered":"Poign\u00e9e pour visi\u00e8re Nubbsi"},"content":{"rendered":"<p>LLa poign\u00e9e de visi\u00e8re (Nubbsi) est un accessoire discret mais indispensable pour fermer la visi\u00e8re du toit de l'int\u00e9rieur lorsqu'aucun essuie-glace n'est install\u00e9. Fabriqu\u00e9e dans un mat\u00e9riau durable et \u00e9quip\u00e9e d'un manchon filet\u00e9 de 5 mm, cette poign\u00e9e vous permet d'utiliser les trous d\u00e9j\u00e0 pr\u00e9sents sur votre visi\u00e8re.<\/p>\n<p><iframe loading=\"lazy\" title=\"Nubbsi: the Velomobile Visor Handle\" width=\"950\" height=\"534\" src=\"https:\/\/www.youtube.com\/embed\/DYg8yBr94AU?feature=oembed\" frameborder=\"0\" allow=\"accelerometer; autoplay; clipboard-write; encrypted-media; gyroscope; picture-in-picture; web-share\" referrerpolicy=\"strict-origin-when-cross-origin\" allowfullscreen><\/iframe><\/p>","protected":false},"excerpt":{"rendered":"<p>LLa poign\u00e9e de visi\u00e8re (Nubbsi) est un accessoire discret mais indispensable pour fermer la visi\u00e8re du toit de l'int\u00e9rieur lorsqu'aucun essuie-glace n'est install\u00e9. Fabriqu\u00e9e dans un mat\u00e9riau durable et \u00e9quip\u00e9e d'un manchon filet\u00e9 de 5 mm, cette poign\u00e9e vous permet d'utiliser les trous d\u00e9j\u00e0 pr\u00e9sents sur votre visi\u00e8re.<\/p>","protected":false},"featured_media":11259,"template":"","meta":[],"product_brand":[],"product_cat":[66,119,118],"product_tag":[155],"class_list":{"0":"post-11255","1":"product","2":"type-product","3":"status-publish","4":"has-post-thumbnail","6":"product_cat-accessories","7":"product_cat-comfort","8":"product_cat-safety","9":"product_tag-nubbsi-visor-grip","10":"product_shipping_class-envelope","12":"first","13":"instock","14":"taxable","15":"shipping-taxable","16":"purchasable","17":"product-type-simple"},"_links":{"self":[{"href":"https:\/\/northlandvelo.eu\/fr\/wp-json\/wp\/v2\/product\/11255","targetHints":{"allow":["GET"]}}],"collection":[{"href":"https:\/\/northlandvelo.eu\/fr\/wp-json\/wp\/v2\/product"}],"about":[{"href":"https:\/\/northlandvelo.eu\/fr\/wp-json\/wp\/v2\/types\/product"}],"wp:featuredmedia":[{"embeddable":true,"href":"https:\/\/northlandvelo.eu\/fr\/wp-json\/wp\/v2\/media\/11259"}],"wp:attachment":[{"href":"https:\/\/northlandvelo.eu\/fr\/wp-json\/wp\/v2\/media?parent=11255"}],"wp:term":[{"taxonomy":"product_brand","embeddable":true,"href":"https:\/\/northlandvelo.eu\/fr\/wp-json\/wp\/v2\/product_brand?post=11255"},{"taxonomy":"product_cat","embeddable":true,"href":"https:\/\/northlandvelo.eu\/fr\/wp-json\/wp\/v2\/product_cat?post=11255"},{"taxonomy":"product_tag","embeddable":true,"href":"https:\/\/northlandvelo.eu\/fr\/wp-json\/wp\/v2\/product_tag?post=11255"}],"curies":[{"name":"wp","href":"https:\/\/api.w.org\/{rel}","templated":true}]}}