{"id":11265,"date":"2026-02-04T20:13:06","date_gmt":"2026-02-04T20:13:06","guid":{"rendered":"https:\/\/northlandvelo.eu\/?post_type=product&#038;p=11265"},"modified":"2026-02-10T20:17:33","modified_gmt":"2026-02-10T20:17:33","slug":"the-wiper-blade","status":"publish","type":"product","link":"https:\/\/northlandvelo.eu\/fr\/product\/the-wiper-blade\/","title":{"rendered":"Le balai d'essuie-glace"},"content":{"rendered":"<p>L'un des produits les plus vendus dans la boutique :<\/p>\n<p>Si vous avez d\u00e9j\u00e0 conduit sous la pluie, vous savez \u00e0 quel point il peut \u00eatre difficile de voir \u00e0 travers la visi\u00e8re. Vous savez \u00e9galement qu'il n'est pas tr\u00e8s agr\u00e9able d'avoir la pluie qui vous fouette le visage lorsque vous ouvrez la visi\u00e8re pour voir. Un essuie-glace est la solution id\u00e9ale pour rouler sous la pluie en toute s\u00e9curit\u00e9 et dans le plus grand confort. Cet essuie-glace est con\u00e7u pour exercer une pression uniforme sur le pare-brise tout en \u00e9liminant la pluie qui s'y accumule. Il a \u00e9t\u00e9 repens\u00e9 pour \u00eatre plus durable.<\/p>\n<p><iframe loading=\"lazy\" title=\"The Velomobile SH Wiper Blade\" width=\"950\" height=\"534\" src=\"https:\/\/www.youtube.com\/embed\/hXjwimzilyM?feature=oembed\" frameborder=\"0\" allow=\"accelerometer; autoplay; clipboard-write; encrypted-media; gyroscope; picture-in-picture; web-share\" referrerpolicy=\"strict-origin-when-cross-origin\" allowfullscreen><\/iframe><\/p>","protected":false},"excerpt":{"rendered":"<p>One of the top-selling products in the shop: If you&#8217;ve ever ridden in rain, you know how difficult it can be to see out the visor. You also know it&#8217;s not much fun to have rain pelting you in the face when you open the visor to see. A wiper blade is the solution for &hellip; <\/p>\n<p class=\"link-more\"><a href=\"https:\/\/northlandvelo.eu\/fr\/product\/the-wiper-blade\/\" class=\"more-link\">Lire la suite de<span class=\"screen-reader-text\">\u00ab\u00a0The Wiper Blade\u00a0\u00bb<\/span><\/a><\/p>","protected":false},"featured_media":9526,"template":"","meta":[],"product_brand":[],"product_cat":[119,111,118],"product_tag":[157],"class_list":{"0":"post-11265","1":"product","2":"type-product","3":"status-publish","4":"has-post-thumbnail","6":"product_cat-comfort","7":"product_cat-new","8":"product_cat-safety","9":"product_tag-wiper-blade","10":"product_shipping_class-envelope","12":"first","13":"instock","14":"taxable","15":"shipping-taxable","16":"purchasable","17":"product-type-simple"},"_links":{"self":[{"href":"https:\/\/northlandvelo.eu\/fr\/wp-json\/wp\/v2\/product\/11265","targetHints":{"allow":["GET"]}}],"collection":[{"href":"https:\/\/northlandvelo.eu\/fr\/wp-json\/wp\/v2\/product"}],"about":[{"href":"https:\/\/northlandvelo.eu\/fr\/wp-json\/wp\/v2\/types\/product"}],"wp:featuredmedia":[{"embeddable":true,"href":"https:\/\/northlandvelo.eu\/fr\/wp-json\/wp\/v2\/media\/9526"}],"wp:attachment":[{"href":"https:\/\/northlandvelo.eu\/fr\/wp-json\/wp\/v2\/media?parent=11265"}],"wp:term":[{"taxonomy":"product_brand","embeddable":true,"href":"https:\/\/northlandvelo.eu\/fr\/wp-json\/wp\/v2\/product_brand?post=11265"},{"taxonomy":"product_cat","embeddable":true,"href":"https:\/\/northlandvelo.eu\/fr\/wp-json\/wp\/v2\/product_cat?post=11265"},{"taxonomy":"product_tag","embeddable":true,"href":"https:\/\/northlandvelo.eu\/fr\/wp-json\/wp\/v2\/product_tag?post=11265"}],"curies":[{"name":"wp","href":"https:\/\/api.w.org\/{rel}","templated":true}]}}