{"id":11292,"date":"2026-02-05T10:37:33","date_gmt":"2026-02-05T10:37:33","guid":{"rendered":"https:\/\/northlandvelo.eu\/?post_type=product&#038;p=11292"},"modified":"2026-02-18T16:46:00","modified_gmt":"2026-02-18T16:46:00","slug":"zefal-spin-aero-mirrors","status":"publish","type":"product","link":"https:\/\/northlandvelo.eu\/fr\/product\/zefal-spin-aero-mirrors\/","title":{"rendered":"R\u00e9troviseurs Zefal Spin Aero"},"content":{"rendered":"<p>Les r\u00e9troviseurs Zefal Spin sont un choix populaire pour ceux qui recherchent un r\u00e9troviseur minimaliste. Ces coques emboit\u00e9es sur les r\u00e9troviseurs ajoutent une touche esth\u00e9tique agr\u00e9able \u00e0 ceux-ci et peuvent \u00e9galement permettre d'\u00e9conomiser un ou deux watts.<\/p>\n<p>\u00c9galement disponible avec miroirs pr\u00e9install\u00e9s.<\/p>\n<p>*Veuillez noter que si vous souhaitez vous assurer que la coque ne se d\u00e9tache pas en cas de choc, vous pouvez utiliser un peu de ruban adh\u00e9sif double face pour la fixer plus solidement.<\/p>\n<p>Veuillez noter que les articles imprim\u00e9s en 3D peuvent parfois pr\u00e9senter de petits d\u00e9fauts esth\u00e9tiques. Ces d\u00e9fauts n'ont aucune incidence sur le fonctionnement du produit et sont purement esth\u00e9tiques. Veuillez \u00e9galement noter que les mat\u00e9riaux imprim\u00e9s en 3D sont en plastique et sont susceptibles de se rayer.<\/p>","protected":false},"excerpt":{"rendered":"<p>The Zefal Spin mirrors are a popular choice for a minimalistic mirror. These tension fit caps add a nice aesthetic touch to the mirrors and may also save a watt or two. Also available with mirrors pre-installed. *Please note if you wish to ensure the cap does not come off it bumped, a bit of &hellip; <\/p>\n<p class=\"link-more\"><a href=\"https:\/\/northlandvelo.eu\/fr\/product\/zefal-spin-aero-mirrors\/\" class=\"more-link\">Lire la suite de<span class=\"screen-reader-text\">\u00ab\u00a0Zefal Spin Aero Mirrors\u00a0\u00bb<\/span><\/a><\/p>","protected":false},"featured_media":9520,"template":"","meta":[],"product_brand":[162],"product_cat":[66,115],"product_tag":[163],"class_list":{"0":"post-11292","1":"product","2":"type-product","3":"status-publish","4":"has-post-thumbnail","6":"product_brand-zefa","7":"product_cat-accessories","8":"product_cat-mirrors","9":"product_tag-aero-mirror","10":"product_shipping_class-small","12":"first","13":"instock","14":"taxable","15":"shipping-taxable","16":"purchasable","17":"product-type-variable"},"_links":{"self":[{"href":"https:\/\/northlandvelo.eu\/fr\/wp-json\/wp\/v2\/product\/11292","targetHints":{"allow":["GET"]}}],"collection":[{"href":"https:\/\/northlandvelo.eu\/fr\/wp-json\/wp\/v2\/product"}],"about":[{"href":"https:\/\/northlandvelo.eu\/fr\/wp-json\/wp\/v2\/types\/product"}],"wp:featuredmedia":[{"embeddable":true,"href":"https:\/\/northlandvelo.eu\/fr\/wp-json\/wp\/v2\/media\/9520"}],"wp:attachment":[{"href":"https:\/\/northlandvelo.eu\/fr\/wp-json\/wp\/v2\/media?parent=11292"}],"wp:term":[{"taxonomy":"product_brand","embeddable":true,"href":"https:\/\/northlandvelo.eu\/fr\/wp-json\/wp\/v2\/product_brand?post=11292"},{"taxonomy":"product_cat","embeddable":true,"href":"https:\/\/northlandvelo.eu\/fr\/wp-json\/wp\/v2\/product_cat?post=11292"},{"taxonomy":"product_tag","embeddable":true,"href":"https:\/\/northlandvelo.eu\/fr\/wp-json\/wp\/v2\/product_tag?post=11292"}],"curies":[{"name":"wp","href":"https:\/\/api.w.org\/{rel}","templated":true}]}}