{"id":11306,"date":"2026-02-05T10:45:22","date_gmt":"2026-02-05T10:45:22","guid":{"rendered":"https:\/\/northlandvelo.eu\/?post_type=product&#038;p=11306"},"modified":"2026-03-06T21:33:08","modified_gmt":"2026-03-06T21:33:08","slug":"alpha-9-series-summer-visor","status":"publish","type":"product","link":"https:\/\/northlandvelo.eu\/fr\/product\/alpha-9-series-summer-visor\/","title":{"rendered":"Visi\u00e8re d'\u00e9t\u00e9 s\u00e9rie Alpha 9"},"content":{"rendered":"<p>La mini visi\u00e8re est la solution id\u00e9ale pour tous ceux qui recherchent un design \u00e9l\u00e9gant et compact. Avec une largeur de 236 mm et une profondeur de 144 mm, elle est particuli\u00e8rement pratique et l\u00e9gere. La visi\u00e8re en Macrolon, d'une \u00e9paisseur de 1 mm, est fix\u00e9e \u00e0 l'aide d'un serre-c\u00e2ble en trois points sur la base et de trois aimants sur le corps du v\u00e9lomobile. Simple et rapide. Les aimants suppl\u00e9mentaires fournis peuvent \u00eatre fix\u00e9s par le dessous.<\/p>\n<p>Veuillez noter que les articles imprim\u00e9s en 3D peuvent parfois pr\u00e9senter de petits d\u00e9fauts esth\u00e9tiques. Ces d\u00e9fauts n'ont aucune incidence sur le fonctionnement du produit et sont purement esth\u00e9tiques. Veuillez \u00e9galement noter que les mat\u00e9riaux imprim\u00e9s en 3D sont en plastique et sont susceptibles de se rayer.<\/p>\n<p>&nbsp;<\/p>\n<p><iframe loading=\"lazy\" title=\"Summer Visor for Alpha Velomobiles\" width=\"950\" height=\"534\" src=\"https:\/\/www.youtube.com\/embed\/2XmMTuf8Grc?feature=oembed\" frameborder=\"0\" allow=\"accelerometer; autoplay; clipboard-write; encrypted-media; gyroscope; picture-in-picture; web-share\" referrerpolicy=\"strict-origin-when-cross-origin\" allowfullscreen><\/iframe><\/p>","protected":false},"excerpt":{"rendered":"<p>The minivisor is the ideal solution for everyone seeking an elegant and compact size and design. With a width of 236mm and a depth of 144m, it is especially handy and light. The 1mm thick Macrolonvisor is secured with a cable tie at three point on the base and with three magnets on the body &hellip; <\/p>\n<p class=\"link-more\"><a href=\"https:\/\/northlandvelo.eu\/fr\/product\/alpha-9-series-summer-visor\/\" class=\"more-link\">Lire la suite de<span class=\"screen-reader-text\">\u00ab\u00a0Alpha 9 Series Summer Visor\u00a0\u00bb<\/span><\/a><\/p>","protected":false},"featured_media":11308,"template":"","meta":[],"product_brand":[],"product_cat":[66,119,118],"product_tag":[164],"class_list":{"0":"post-11306","1":"product","2":"type-product","3":"status-publish","4":"has-post-thumbnail","6":"product_cat-accessories","7":"product_cat-comfort","8":"product_cat-safety","9":"product_tag-sun-visor","10":"product_shipping_class-small","12":"first","13":"instock","14":"taxable","15":"shipping-taxable","16":"purchasable","17":"product-type-simple"},"_links":{"self":[{"href":"https:\/\/northlandvelo.eu\/fr\/wp-json\/wp\/v2\/product\/11306","targetHints":{"allow":["GET"]}}],"collection":[{"href":"https:\/\/northlandvelo.eu\/fr\/wp-json\/wp\/v2\/product"}],"about":[{"href":"https:\/\/northlandvelo.eu\/fr\/wp-json\/wp\/v2\/types\/product"}],"wp:featuredmedia":[{"embeddable":true,"href":"https:\/\/northlandvelo.eu\/fr\/wp-json\/wp\/v2\/media\/11308"}],"wp:attachment":[{"href":"https:\/\/northlandvelo.eu\/fr\/wp-json\/wp\/v2\/media?parent=11306"}],"wp:term":[{"taxonomy":"product_brand","embeddable":true,"href":"https:\/\/northlandvelo.eu\/fr\/wp-json\/wp\/v2\/product_brand?post=11306"},{"taxonomy":"product_cat","embeddable":true,"href":"https:\/\/northlandvelo.eu\/fr\/wp-json\/wp\/v2\/product_cat?post=11306"},{"taxonomy":"product_tag","embeddable":true,"href":"https:\/\/northlandvelo.eu\/fr\/wp-json\/wp\/v2\/product_tag?post=11306"}],"curies":[{"name":"wp","href":"https:\/\/api.w.org\/{rel}","templated":true}]}}