{"id":11316,"date":"2026-02-05T11:16:31","date_gmt":"2026-02-05T11:16:31","guid":{"rendered":"https:\/\/northlandvelo.eu\/?post_type=product&#038;p=11316"},"modified":"2026-02-22T12:09:04","modified_gmt":"2026-02-22T12:09:04","slug":"elastomer-and-spacer-conversion-kit","status":"publish","type":"product","link":"https:\/\/northlandvelo.eu\/fr\/product\/elastomer-and-spacer-conversion-kit\/","title":{"rendered":"Kit de conversion pour \u00e9lastom\u00e8re et entretoise"},"content":{"rendered":"<p>Vous n'\u00eates pas satisfait de l'amortissement de la suspension avant de votre v\u00e9lomobile Quest, Milan, Buelk, WAW ou DF ? Ce syst\u00e8me hautement r\u00e9glable utilisant des ressorts, des \u00e9lastom\u00e8res et des entretoises pourrait \u00eatre la solution.<\/p>\n<p>Ce syst\u00e8me hybride permet un r\u00e9glage quasi infini de la course de suspension et vous offre le meilleur des ressorts et des \u00e9lastom\u00e8res pour une exp\u00e9rience de conduite optimale.<\/p>\n<p>Il est recommand\u00e9 de commander trois paires d'\u00e9lastom\u00e8res.<\/p>\n<p>Veuillez noter que le diam\u00e8tre des entretoises est de 19 mm afin de laisser un peu d'air autour des entretoises.<\/p>\n<p>Le jeu d'entretoises comprend 2 pi\u00e8ces de 20 mm, 2 pi\u00e8ces de 10 mm et 4 pi\u00e8ces de 5 mm. Elles peuvent \u00e9galement \u00eatre imprim\u00e9es \u00e0 diff\u00e9rentes hauteurs sur demande.<\/p>","protected":false},"excerpt":{"rendered":"<p>Not happy with the damping of your front suspension in velomobiles such as the Quest, Milan, Buelk, WAW, and DF? This highly adjustable system using springs, elastomers, and spacers may be the solution. This hybrid system allows a nearly infinite level of adjustment of suspension travel and brings the best of both springs and elastomers &hellip; <\/p>\n<p class=\"link-more\"><a href=\"https:\/\/northlandvelo.eu\/fr\/product\/elastomer-and-spacer-conversion-kit\/\" class=\"more-link\">Lire la suite de<span class=\"screen-reader-text\">\u00ab\u00a0Elastomer and Spacer Conversion Kit\u00a0\u00bb<\/span><\/a><\/p>","protected":false},"featured_media":11318,"template":"","meta":[],"product_brand":[],"product_cat":[112],"product_tag":[166,167],"class_list":{"0":"post-11316","1":"product","2":"type-product","3":"status-publish","4":"has-post-thumbnail","6":"product_cat-part","7":"product_tag-elastomers","8":"product_tag-spacers","9":"product_shipping_class-letterbox","11":"first","12":"instock","13":"taxable","14":"shipping-taxable","15":"purchasable","16":"product-type-variable"},"_links":{"self":[{"href":"https:\/\/northlandvelo.eu\/fr\/wp-json\/wp\/v2\/product\/11316","targetHints":{"allow":["GET"]}}],"collection":[{"href":"https:\/\/northlandvelo.eu\/fr\/wp-json\/wp\/v2\/product"}],"about":[{"href":"https:\/\/northlandvelo.eu\/fr\/wp-json\/wp\/v2\/types\/product"}],"wp:featuredmedia":[{"embeddable":true,"href":"https:\/\/northlandvelo.eu\/fr\/wp-json\/wp\/v2\/media\/11318"}],"wp:attachment":[{"href":"https:\/\/northlandvelo.eu\/fr\/wp-json\/wp\/v2\/media?parent=11316"}],"wp:term":[{"taxonomy":"product_brand","embeddable":true,"href":"https:\/\/northlandvelo.eu\/fr\/wp-json\/wp\/v2\/product_brand?post=11316"},{"taxonomy":"product_cat","embeddable":true,"href":"https:\/\/northlandvelo.eu\/fr\/wp-json\/wp\/v2\/product_cat?post=11316"},{"taxonomy":"product_tag","embeddable":true,"href":"https:\/\/northlandvelo.eu\/fr\/wp-json\/wp\/v2\/product_tag?post=11316"}],"curies":[{"name":"wp","href":"https:\/\/api.w.org\/{rel}","templated":true}]}}