{"id":11439,"date":"2026-02-05T13:54:34","date_gmt":"2026-02-05T13:54:34","guid":{"rendered":"https:\/\/northlandvelo.eu\/?post_type=product&#038;p=11439"},"modified":"2026-02-10T20:07:20","modified_gmt":"2026-02-10T20:07:20","slug":"racehood-clips","status":"publish","type":"product","link":"https:\/\/northlandvelo.eu\/fr\/product\/racehood-clips\/","title":{"rendered":"Clips pour toit"},"content":{"rendered":"<p>Ces clips sont utilis\u00e9s pour fixer le toit sur de nombreux mod\u00e8les de v\u00e9lomobiles, \u00e0 l'exception de la s\u00e9rie Alpha 9. Ils comprennent uniquement le crochet, sans le cordon \u00e9lastique. Vendus \u00e0 l'unit\u00e9.<\/p>","protected":false},"excerpt":{"rendered":"<p>Ces clips sont utilis\u00e9s pour fixer le toit sur de nombreux mod\u00e8les de v\u00e9lomobiles, \u00e0 l'exception de la s\u00e9rie Alpha 9. Ils comprennent uniquement le crochet, sans le cordon \u00e9lastique. Vendus \u00e0 l'unit\u00e9.<\/p>","protected":false},"featured_media":11357,"template":"","meta":[],"product_brand":[],"product_cat":[112],"product_tag":[174],"class_list":{"0":"post-11439","1":"product","2":"type-product","3":"status-publish","4":"has-post-thumbnail","6":"product_cat-part","7":"product_tag-racehood-hook","8":"product_shipping_class-envelope","10":"first","11":"instock","12":"taxable","13":"shipping-taxable","14":"purchasable","15":"product-type-simple"},"_links":{"self":[{"href":"https:\/\/northlandvelo.eu\/fr\/wp-json\/wp\/v2\/product\/11439","targetHints":{"allow":["GET"]}}],"collection":[{"href":"https:\/\/northlandvelo.eu\/fr\/wp-json\/wp\/v2\/product"}],"about":[{"href":"https:\/\/northlandvelo.eu\/fr\/wp-json\/wp\/v2\/types\/product"}],"wp:featuredmedia":[{"embeddable":true,"href":"https:\/\/northlandvelo.eu\/fr\/wp-json\/wp\/v2\/media\/11357"}],"wp:attachment":[{"href":"https:\/\/northlandvelo.eu\/fr\/wp-json\/wp\/v2\/media?parent=11439"}],"wp:term":[{"taxonomy":"product_brand","embeddable":true,"href":"https:\/\/northlandvelo.eu\/fr\/wp-json\/wp\/v2\/product_brand?post=11439"},{"taxonomy":"product_cat","embeddable":true,"href":"https:\/\/northlandvelo.eu\/fr\/wp-json\/wp\/v2\/product_cat?post=11439"},{"taxonomy":"product_tag","embeddable":true,"href":"https:\/\/northlandvelo.eu\/fr\/wp-json\/wp\/v2\/product_tag?post=11439"}],"curies":[{"name":"wp","href":"https:\/\/api.w.org\/{rel}","templated":true}]}}