{"id":11454,"date":"2026-02-05T14:38:50","date_gmt":"2026-02-05T14:38:50","guid":{"rendered":"https:\/\/northlandvelo.eu\/?post_type=product&#038;p=11454"},"modified":"2026-02-11T18:57:07","modified_gmt":"2026-02-11T18:57:07","slug":"replacement-rear-shock","status":"publish","type":"product","link":"https:\/\/northlandvelo.eu\/fr\/product\/replacement-rear-shock\/","title":{"rendered":"Amortisseur arri\u00e8re de rechange d'occasion"},"content":{"rendered":"<p>Trouv\u00e9 dans le bac \u00e0 pi\u00e8ces d\u00e9tach\u00e9es de Velomobile SH, cet amortisseur arri\u00e8re devrait convenir aux v\u00e9lomobiles DF, Milan r\u00e9cents et Buelk. Avant de passer commande, veuillez comparer la photo et les dimensions fournies avec l'amortisseur que vous remplacez afin de v\u00e9rifier la compatibilit\u00e9. L'article pr\u00e9sente des traces d'utilisation.<\/p>","protected":false},"excerpt":{"rendered":"<p>Trouv\u00e9 dans le bac \u00e0 pi\u00e8ces d\u00e9tach\u00e9es de Velomobile SH, cet amortisseur arri\u00e8re devrait convenir aux v\u00e9lomobiles DF, Milan r\u00e9cents et Buelk. Avant de passer commande, veuillez comparer la photo et les dimensions fournies avec l'amortisseur que vous remplacez afin de v\u00e9rifier la compatibilit\u00e9. L'article pr\u00e9sente des traces d'utilisation.<\/p>","protected":false},"featured_media":11413,"template":"","meta":[],"product_brand":[],"product_cat":[112,113],"product_tag":[178],"class_list":{"0":"post-11454","1":"product","2":"type-product","3":"status-publish","4":"has-post-thumbnail","6":"product_cat-part","7":"product_cat-sale","8":"product_tag-rear-shock","9":"product_shipping_class-small","11":"first","12":"instock","13":"taxable","14":"shipping-taxable","15":"purchasable","16":"product-type-simple"},"_links":{"self":[{"href":"https:\/\/northlandvelo.eu\/fr\/wp-json\/wp\/v2\/product\/11454","targetHints":{"allow":["GET"]}}],"collection":[{"href":"https:\/\/northlandvelo.eu\/fr\/wp-json\/wp\/v2\/product"}],"about":[{"href":"https:\/\/northlandvelo.eu\/fr\/wp-json\/wp\/v2\/types\/product"}],"wp:featuredmedia":[{"embeddable":true,"href":"https:\/\/northlandvelo.eu\/fr\/wp-json\/wp\/v2\/media\/11413"}],"wp:attachment":[{"href":"https:\/\/northlandvelo.eu\/fr\/wp-json\/wp\/v2\/media?parent=11454"}],"wp:term":[{"taxonomy":"product_brand","embeddable":true,"href":"https:\/\/northlandvelo.eu\/fr\/wp-json\/wp\/v2\/product_brand?post=11454"},{"taxonomy":"product_cat","embeddable":true,"href":"https:\/\/northlandvelo.eu\/fr\/wp-json\/wp\/v2\/product_cat?post=11454"},{"taxonomy":"product_tag","embeddable":true,"href":"https:\/\/northlandvelo.eu\/fr\/wp-json\/wp\/v2\/product_tag?post=11454"}],"curies":[{"name":"wp","href":"https:\/\/api.w.org\/{rel}","templated":true}]}}