{"id":11478,"date":"2026-02-05T17:03:24","date_gmt":"2026-02-05T17:03:24","guid":{"rendered":"https:\/\/northlandvelo.eu\/?post_type=product&#038;p=11478"},"modified":"2026-02-11T19:00:04","modified_gmt":"2026-02-11T19:00:04","slug":"random-90mm-drumbrake-parts","status":"publish","type":"product","link":"https:\/\/northlandvelo.eu\/fr\/product\/random-90mm-drumbrake-parts\/","title":{"rendered":"Freins d'occasion de 90 mm"},"content":{"rendered":"<p>Je dispose d'une s\u00e9lection de pi\u00e8ces d'occasion et diverses. Tout semblait fonctionner lors de mes tests limit\u00e9s, ce qui signifie que le bras fonctionne toujours et que les m\u00e2choires ont encore une certaine dur\u00e9e de vie. Les m\u00e2choires peuvent n\u00e9cessiter un nettoyage et une d\u00e9contamination. Il est possible de poncer la rouille et de repeindre les zones rouill\u00e9es. Comme il s'agit de pi\u00e8ces d'occasion, aucune garantie n'est fournie. Veillez \u00e0 v\u00e9rifier que la platine de fixation correspond au frein \u00e0 tambour que vous commandez. N'h\u00e9sitez pas \u00e0 me contacter pour confirmer celui que vous achetez. La photo lors de la s\u00e9lection de l'article doit correspondre au frein \u00e0 tambour r\u00e9el.<\/p>","protected":false},"excerpt":{"rendered":"<p>I have a selection of used and random parts. Everything appeared to be functional during my limited testing, meaning the arm still works and the pads still have some life left. Pads may need cleaning and decontamination work. It may be possible to sand off the rust and repaint the rusty areas. As these are &hellip; <\/p>\n<p class=\"link-more\"><a href=\"https:\/\/northlandvelo.eu\/fr\/product\/random-90mm-drumbrake-parts\/\" class=\"more-link\">Lire la suite de<span class=\"screen-reader-text\">\u00ab\u00a0Random Used 90mm Drumbrake parts\u00a0\u00bb<\/span><\/a><\/p>","protected":false},"featured_media":11386,"template":"","meta":[],"product_brand":[186],"product_cat":[112,113],"product_tag":[188],"class_list":{"0":"post-11478","1":"product","2":"type-product","3":"status-publish","4":"has-post-thumbnail","6":"product_brand-sturmey-archer","7":"product_cat-part","8":"product_cat-sale","9":"product_tag-used-drum-brakes","10":"product_shipping_class-small","12":"first","13":"instock","14":"taxable","15":"shipping-taxable","16":"purchasable","17":"product-type-variable"},"_links":{"self":[{"href":"https:\/\/northlandvelo.eu\/fr\/wp-json\/wp\/v2\/product\/11478","targetHints":{"allow":["GET"]}}],"collection":[{"href":"https:\/\/northlandvelo.eu\/fr\/wp-json\/wp\/v2\/product"}],"about":[{"href":"https:\/\/northlandvelo.eu\/fr\/wp-json\/wp\/v2\/types\/product"}],"wp:featuredmedia":[{"embeddable":true,"href":"https:\/\/northlandvelo.eu\/fr\/wp-json\/wp\/v2\/media\/11386"}],"wp:attachment":[{"href":"https:\/\/northlandvelo.eu\/fr\/wp-json\/wp\/v2\/media?parent=11478"}],"wp:term":[{"taxonomy":"product_brand","embeddable":true,"href":"https:\/\/northlandvelo.eu\/fr\/wp-json\/wp\/v2\/product_brand?post=11478"},{"taxonomy":"product_cat","embeddable":true,"href":"https:\/\/northlandvelo.eu\/fr\/wp-json\/wp\/v2\/product_cat?post=11478"},{"taxonomy":"product_tag","embeddable":true,"href":"https:\/\/northlandvelo.eu\/fr\/wp-json\/wp\/v2\/product_tag?post=11478"}],"curies":[{"name":"wp","href":"https:\/\/api.w.org\/{rel}","templated":true}]}}