{"id":12222,"date":"2026-05-05T12:13:38","date_gmt":"2026-05-05T12:13:38","guid":{"rendered":"https:\/\/northlandvelo.eu\/?post_type=product&#038;p=12222"},"modified":"2026-05-05T12:13:38","modified_gmt":"2026-05-05T12:13:38","slug":"waw-seat-support-pad","status":"publish","type":"product","link":"https:\/\/northlandvelo.eu\/fr\/product\/waw-seat-support-pad\/","title":{"rendered":"Bloc de support de si\u00e8ge WAW"},"content":{"rendered":"<p>Les coussins en mousse fournis pour soutenir le dossier du si\u00e8ge WAW sont tr\u00e8s confortables, mais ils peuvent se d\u00e9former avec le temps. Ce soutien plus moelleux peut \u00e9galement r\u00e9duire l\u00e9g\u00e8rement le transfert de puissance. J'ai con\u00e7u ces coussins imprim\u00e9s en 3D pour offrir une alternative durable et plus rigide aux coussins d'origine, pour ceux qui le souhaitent. Vendus par lot de 2. Imprim\u00e9s en TPU, la couleur varie en fonction des stocks disponibles (g\u00e9n\u00e9ralement gris ou noir).<\/p>","protected":false},"excerpt":{"rendered":"<p>The included foam pads to support the seat back of the WAW are very comfortable, but over time they can lose their shape. The softer support also can slightly reduce power transfer. I designed these 3D printed pads to be a durable and stiffer alternative to the original seat pads for those that want it. &hellip; <\/p>\n<p class=\"link-more\"><a href=\"https:\/\/northlandvelo.eu\/fr\/product\/waw-seat-support-pad\/\" class=\"more-link\">Lire la suite de<span class=\"screen-reader-text\">\u00ab\u00a0WAW seat support pad\u00a0\u00bb<\/span><\/a><\/p>","protected":false},"featured_media":12225,"template":"","meta":[],"product_brand":[],"product_cat":[66,119,111],"product_tag":[221],"class_list":{"0":"post-12222","1":"product","2":"type-product","3":"status-publish","4":"has-post-thumbnail","6":"product_cat-accessories","7":"product_cat-comfort","8":"product_cat-new","9":"product_tag-waw-seat-pad","10":"product_shipping_class-letterbox","12":"first","13":"instock","14":"taxable","15":"shipping-taxable","16":"purchasable","17":"product-type-simple"},"_links":{"self":[{"href":"https:\/\/northlandvelo.eu\/fr\/wp-json\/wp\/v2\/product\/12222","targetHints":{"allow":["GET"]}}],"collection":[{"href":"https:\/\/northlandvelo.eu\/fr\/wp-json\/wp\/v2\/product"}],"about":[{"href":"https:\/\/northlandvelo.eu\/fr\/wp-json\/wp\/v2\/types\/product"}],"wp:featuredmedia":[{"embeddable":true,"href":"https:\/\/northlandvelo.eu\/fr\/wp-json\/wp\/v2\/media\/12225"}],"wp:attachment":[{"href":"https:\/\/northlandvelo.eu\/fr\/wp-json\/wp\/v2\/media?parent=12222"}],"wp:term":[{"taxonomy":"product_brand","embeddable":true,"href":"https:\/\/northlandvelo.eu\/fr\/wp-json\/wp\/v2\/product_brand?post=12222"},{"taxonomy":"product_cat","embeddable":true,"href":"https:\/\/northlandvelo.eu\/fr\/wp-json\/wp\/v2\/product_cat?post=12222"},{"taxonomy":"product_tag","embeddable":true,"href":"https:\/\/northlandvelo.eu\/fr\/wp-json\/wp\/v2\/product_tag?post=12222"}],"curies":[{"name":"wp","href":"https:\/\/api.w.org\/{rel}","templated":true}]}}