{"id":9186,"date":"2023-06-26T15:55:23","date_gmt":"2023-06-26T15:55:23","guid":{"rendered":"https:\/\/demo.wpzoom.com\/inspiro-lite-woo\/?post_type=product&#038;p=9186"},"modified":"2026-02-24T10:45:46","modified_gmt":"2026-02-24T10:45:46","slug":"brakesander","status":"publish","type":"product","link":"https:\/\/northlandvelo.eu\/fr\/product\/brakesander\/","title":{"rendered":"Outil de pon\u00e7age pour frein \u00e0 tambour"},"content":{"rendered":"<p><span style=\"font-weight: 400;\">Avec le temps, vos plaquettes de frein vont se glacer. Cet outil con\u00e7u par Velomobile-Nord permet un pon\u00e7age uniforme des m\u00e2choires de frein pour restaurer leur puissance de freinage. J'ai utilis\u00e9 cet outil par le pass\u00e9 et je le consid\u00e8re comme un outil essentiel dans la bo\u00eete \u00e0 outils de tout pilote de v\u00e9lomobile. L'outil est recouvert de papier abrasif 100 grains. Assurez-vous de s\u00e9lectionner la bonne taille de tambour et d'essieu lors de la commande. Le poids est de 50 g.<\/span><\/p>\n<p><iframe loading=\"lazy\" title=\"Velomobile Tools from Northland Velo\" width=\"950\" height=\"534\" src=\"https:\/\/www.youtube.com\/embed\/MMbOFOaRUs4?feature=oembed\" frameborder=\"0\" allow=\"accelerometer; autoplay; clipboard-write; encrypted-media; gyroscope; picture-in-picture; web-share\" referrerpolicy=\"strict-origin-when-cross-origin\" allowfullscreen><\/iframe><\/p>","protected":false},"excerpt":{"rendered":"<p>Over time your brake pads will glaze over. This tool designed by Velomobile-Nord allows for even sanding of the brake pads to restore stopping power. I have used this tool in the past and would consider it an essential tool in any velomobile rider&#8217;s tool kit. The tool is lined with 100 grit sandpaper. Be &hellip; <\/p>\n<p class=\"link-more\"><a href=\"https:\/\/northlandvelo.eu\/fr\/product\/brakesander\/\" class=\"more-link\">Lire la suite de<span class=\"screen-reader-text\">\u00ab\u00a0Drum Brake Sanding Tool\u00a0\u00bb<\/span><\/a><\/p>","protected":false},"featured_media":9546,"template":"","meta":[],"product_brand":[],"product_cat":[111,109],"product_tag":[122],"class_list":{"0":"post-9186","1":"product","2":"type-product","3":"status-publish","4":"has-post-thumbnail","6":"product_cat-new","7":"product_cat-tools","8":"product_tag-brakes","9":"product_shipping_class-letterbox","11":"first","12":"instock","13":"taxable","14":"shipping-taxable","15":"purchasable","16":"product-type-variable"},"_links":{"self":[{"href":"https:\/\/northlandvelo.eu\/fr\/wp-json\/wp\/v2\/product\/9186","targetHints":{"allow":["GET"]}}],"collection":[{"href":"https:\/\/northlandvelo.eu\/fr\/wp-json\/wp\/v2\/product"}],"about":[{"href":"https:\/\/northlandvelo.eu\/fr\/wp-json\/wp\/v2\/types\/product"}],"wp:featuredmedia":[{"embeddable":true,"href":"https:\/\/northlandvelo.eu\/fr\/wp-json\/wp\/v2\/media\/9546"}],"wp:attachment":[{"href":"https:\/\/northlandvelo.eu\/fr\/wp-json\/wp\/v2\/media?parent=9186"}],"wp:term":[{"taxonomy":"product_brand","embeddable":true,"href":"https:\/\/northlandvelo.eu\/fr\/wp-json\/wp\/v2\/product_brand?post=9186"},{"taxonomy":"product_cat","embeddable":true,"href":"https:\/\/northlandvelo.eu\/fr\/wp-json\/wp\/v2\/product_cat?post=9186"},{"taxonomy":"product_tag","embeddable":true,"href":"https:\/\/northlandvelo.eu\/fr\/wp-json\/wp\/v2\/product_tag?post=9186"}],"curies":[{"name":"wp","href":"https:\/\/api.w.org\/{rel}","templated":true}]}}