{"id":9196,"date":"2023-06-26T16:15:07","date_gmt":"2023-06-26T16:15:07","guid":{"rendered":"https:\/\/demo.wpzoom.com\/inspiro-lite-woo\/?post_type=product&#038;p=9196"},"modified":"2026-03-11T07:44:17","modified_gmt":"2026-03-11T07:44:17","slug":"brake-clamp","status":"publish","type":"product","link":"https:\/\/northlandvelo.eu\/fr\/product\/brake-clamp\/","title":{"rendered":"Arr\u00eat de c\u00e2ble de frein de v\u00e9lomobile 1.6mm"},"content":{"rendered":"<p>Si vous avez d\u00e9j\u00e0 d\u00fb ajuster l\u2019arr\u00eat de c\u00e2ble sur des freins \u00e0 tambour, vous savez \u00e0 quel point c\u2019est une exp\u00e9rience d\u00e9sagr\u00e9able. Il est assez difficile de maintenir l\u2019arr\u00eat de c\u00e2ble en place sans ab\u00eemer les bords, et le c\u00e2ble ne ressort pas non plus en tr\u00e8s bon \u00e9tat. Velomobile SH a trouv\u00e9 la solution parfaite : le V4A. Cette pince permet de fixer facilement le c\u00e2ble de frein. Elle est compos\u00e9e de deux parties. Lors du serrage des vis, le corps peut \u00eatre maintenu avec une cl\u00e9 plate de 10 mm. En V4A, elle r\u00e9siste \u00e0 l\u2019eau sal\u00e9e en hiver, donc elle ne rouillera pas.<\/p>\n<p>vendu \u00e0 l'unit\u00e9<\/p>\n<p>Lors de l'installation de ces arr\u00eats de c\u00e2ble, assurez-vous de tester soigneusement vos freins et de v\u00e9rifier que ces m\u00e2choires sont solidement et correctement install\u00e9es. Si vous n'avez jamais r\u00e9gl\u00e9 vos freins auparavant, il est conseill\u00e9 de faire appel aux services d'un revendeur qualifi\u00e9 dans votre r\u00e9gion. Northland Velo.nl n'offre actuellement pas de services d'installation. *Un couple de serrage d'environ 5 Nm est suffisant pour l\u2019arr\u00eat de c\u00e2ble. Les boulons sont en acier inoxydable. Un serrage excessif des boulons entra\u00eenera le d\u00e9t\u00e9rioration des t\u00eates de boulon.<\/p>\n<p><iframe loading=\"lazy\" title=\"Velomobile Brake Cable Clamps with Easy Adjustment\" width=\"950\" height=\"534\" src=\"https:\/\/www.youtube.com\/embed\/v0XdKS0B6wM?feature=oembed\" frameborder=\"0\" allow=\"accelerometer; autoplay; clipboard-write; encrypted-media; gyroscope; picture-in-picture; web-share\" referrerpolicy=\"strict-origin-when-cross-origin\" allowfullscreen><\/iframe><\/p>","protected":false},"excerpt":{"rendered":"<p>If you&#8217;ve ever had to adjust the cable stop on drum brakes, you know what an unpleasant experience it is. It&#8217;s quite a trick to hold the cable stop in place without chewing up the edges, and the cable doesn&#8217;t come out looking too good either. Velomobile SH found the perfect solution: the V4A. This &hellip; <\/p>\n<p class=\"link-more\"><a href=\"https:\/\/northlandvelo.eu\/fr\/product\/brake-clamp\/\" class=\"more-link\">Lire la suite de<span class=\"screen-reader-text\">\u00ab\u00a01.6mm Velomobile Brake Cable Clamp\u00a0\u00bb<\/span><\/a><\/p>","protected":false},"featured_media":9532,"template":"","meta":[],"product_brand":[],"product_cat":[112],"product_tag":[122],"class_list":{"0":"post-9196","1":"product","2":"type-product","3":"status-publish","4":"has-post-thumbnail","6":"product_cat-part","7":"product_tag-brakes","8":"product_shipping_class-envelope","10":"first","11":"instock","12":"taxable","13":"shipping-taxable","14":"purchasable","15":"product-type-simple"},"_links":{"self":[{"href":"https:\/\/northlandvelo.eu\/fr\/wp-json\/wp\/v2\/product\/9196","targetHints":{"allow":["GET"]}}],"collection":[{"href":"https:\/\/northlandvelo.eu\/fr\/wp-json\/wp\/v2\/product"}],"about":[{"href":"https:\/\/northlandvelo.eu\/fr\/wp-json\/wp\/v2\/types\/product"}],"wp:featuredmedia":[{"embeddable":true,"href":"https:\/\/northlandvelo.eu\/fr\/wp-json\/wp\/v2\/media\/9532"}],"wp:attachment":[{"href":"https:\/\/northlandvelo.eu\/fr\/wp-json\/wp\/v2\/media?parent=9196"}],"wp:term":[{"taxonomy":"product_brand","embeddable":true,"href":"https:\/\/northlandvelo.eu\/fr\/wp-json\/wp\/v2\/product_brand?post=9196"},{"taxonomy":"product_cat","embeddable":true,"href":"https:\/\/northlandvelo.eu\/fr\/wp-json\/wp\/v2\/product_cat?post=9196"},{"taxonomy":"product_tag","embeddable":true,"href":"https:\/\/northlandvelo.eu\/fr\/wp-json\/wp\/v2\/product_tag?post=9196"}],"curies":[{"name":"wp","href":"https:\/\/api.w.org\/{rel}","templated":true}]}}