{"id":9550,"date":"2026-02-03T19:29:09","date_gmt":"2026-02-03T19:29:09","guid":{"rendered":"https:\/\/northlandvelo.eu\/?post_type=product&#038;p=9550"},"modified":"2026-03-06T13:39:31","modified_gmt":"2026-03-06T13:39:31","slug":"bugbox-air-vent","status":"publish","type":"product","link":"https:\/\/northlandvelo.eu\/fr\/product\/bugbox-air-vent\/","title":{"rendered":"A\u00e9rateur Bugbox"},"content":{"rendered":"<p>Semblable \u00e0 l'autre a\u00e9rateur dans ce magasin, le BugBox de Velomobile-Nord offre une combinaison de flux d'air facilement dirig\u00e9 et d'une mousitquaire pour emp\u00eacher l\u2019entr\u00e9e de passagers ind\u00e9sirables sous forme d'insectes. Personne ne veut qu'une gu\u00eape fonce sur lui \u00e0 grande vitesse. Disponible pour plusieurs mod\u00e8les de v\u00e9lomobiles.<\/p>","protected":false},"excerpt":{"rendered":"<p>Semblable \u00e0 l'autre a\u00e9rateur dans ce magasin, le BugBox de Velomobile-Nord offre une combinaison de flux d'air facilement dirig\u00e9 et d'une mousitquaire pour emp\u00eacher l\u2019entr\u00e9e de passagers ind\u00e9sirables sous forme d'insectes. Personne ne veut qu'une gu\u00eape fonce sur lui \u00e0 grande vitesse. Disponible pour plusieurs mod\u00e8les de v\u00e9lomobiles.<\/p>","protected":false},"featured_media":9571,"template":"","meta":[],"product_brand":[],"product_cat":[116],"product_tag":[124],"class_list":{"0":"post-9550","1":"product","2":"type-product","3":"status-publish","4":"has-post-thumbnail","6":"product_cat-ventilaiton","7":"product_tag-bugbox","8":"product_shipping_class-small","10":"first","11":"instock","12":"taxable","13":"shipping-taxable","14":"purchasable","15":"product-type-variable"},"_links":{"self":[{"href":"https:\/\/northlandvelo.eu\/fr\/wp-json\/wp\/v2\/product\/9550","targetHints":{"allow":["GET"]}}],"collection":[{"href":"https:\/\/northlandvelo.eu\/fr\/wp-json\/wp\/v2\/product"}],"about":[{"href":"https:\/\/northlandvelo.eu\/fr\/wp-json\/wp\/v2\/types\/product"}],"wp:featuredmedia":[{"embeddable":true,"href":"https:\/\/northlandvelo.eu\/fr\/wp-json\/wp\/v2\/media\/9571"}],"wp:attachment":[{"href":"https:\/\/northlandvelo.eu\/fr\/wp-json\/wp\/v2\/media?parent=9550"}],"wp:term":[{"taxonomy":"product_brand","embeddable":true,"href":"https:\/\/northlandvelo.eu\/fr\/wp-json\/wp\/v2\/product_brand?post=9550"},{"taxonomy":"product_cat","embeddable":true,"href":"https:\/\/northlandvelo.eu\/fr\/wp-json\/wp\/v2\/product_cat?post=9550"},{"taxonomy":"product_tag","embeddable":true,"href":"https:\/\/northlandvelo.eu\/fr\/wp-json\/wp\/v2\/product_tag?post=9550"}],"curies":[{"name":"wp","href":"https:\/\/api.w.org\/{rel}","templated":true}]}}