{"id":10972,"date":"2026-02-04T15:23:59","date_gmt":"2026-02-04T15:23:59","guid":{"rendered":"https:\/\/northlandvelo.eu\/?post_type=product&#038;p=10972"},"modified":"2026-03-03T10:44:23","modified_gmt":"2026-03-03T10:44:23","slug":"alpha-9-model-200mm","status":"publish","type":"product","link":"https:\/\/northlandvelo.eu\/it\/product\/alpha-9-model-200mm\/","title":{"rendered":"Modello Alpha 9 (200 mm)"},"content":{"rendered":"<p>Som en del af vores gaveudbud er Northland Velo stolte af at kunne pr\u00e6sentere mini-velomobil-modeller! Disse modeller er udviklet i samarbejde med ingeni\u00f8rerne Xander Brown og Niklas Bostelmann. Disse miniaturmodeller er 20 cm lange. Udskrifterne vil have en sort bund og en gr\u00e5 visir med din valgte farve til top og bund. P\u00e5 grund af ekstra komplikationer ved 3D-udskrivning og farvel\u00e6gning vil skillelinjen ikke f\u00f8lge de standardfarvelinjer, der findes p\u00e5 de virkelige modeller.<\/p>\n<p>*Si prega di notare che esistono dei limiti alla stampa 3D che rendono difficile eliminare le linee di strato e creare dettagli assolutamente perfetti, specialmente in questo formato ridotto. Questi modelli sono stampati in PLA di alta qualit\u00e0 e possono essere dipinti a mano. A causa di limiti di tempo e di personale qualificato, Northland Velo non offre attualmente servizi di pittura a mano.<\/p>\n<p><iframe loading=\"lazy\" title=\"A Velomobile You Can Afford for the Holidays: Only at Northland Velo\" width=\"950\" height=\"534\" src=\"https:\/\/www.youtube.com\/embed\/LNDrJDIL9Go?feature=oembed\" frameborder=\"0\" allow=\"accelerometer; autoplay; clipboard-write; encrypted-media; gyroscope; picture-in-picture; web-share\" referrerpolicy=\"strict-origin-when-cross-origin\" allowfullscreen><\/iframe><\/p>","protected":false},"excerpt":{"rendered":"<p>As part of our gift offerings, Northland Velo is proud to introduce mini velomobile models! These models were developed in conjunction with engineers Xander Brown and Niklas Bostelmann. These miniature models are 20cm long. Prints will include a black bottom, and a gray visor with your choice of color for the top and bottom. Due &hellip; <\/p>\n<p class=\"link-more\"><a href=\"https:\/\/northlandvelo.eu\/it\/product\/alpha-9-model-200mm\/\" class=\"more-link\">Leggi tutto<span class=\"screen-reader-text\"> &#8220;Alpha 9 Model (200mm)&#8221;<\/span><\/a><\/p>","protected":false},"featured_media":9938,"template":"","meta":[],"product_brand":[],"product_cat":[110],"product_tag":[130],"class_list":{"0":"post-10972","1":"product","2":"type-product","3":"status-publish","4":"has-post-thumbnail","6":"product_cat-gifts","7":"product_tag-model-velomobile","8":"product_shipping_class-small","10":"first","11":"instock","12":"taxable","13":"shipping-taxable","14":"purchasable","15":"product-type-variable"},"_links":{"self":[{"href":"https:\/\/northlandvelo.eu\/it\/wp-json\/wp\/v2\/product\/10972","targetHints":{"allow":["GET"]}}],"collection":[{"href":"https:\/\/northlandvelo.eu\/it\/wp-json\/wp\/v2\/product"}],"about":[{"href":"https:\/\/northlandvelo.eu\/it\/wp-json\/wp\/v2\/types\/product"}],"wp:featuredmedia":[{"embeddable":true,"href":"https:\/\/northlandvelo.eu\/it\/wp-json\/wp\/v2\/media\/9938"}],"wp:attachment":[{"href":"https:\/\/northlandvelo.eu\/it\/wp-json\/wp\/v2\/media?parent=10972"}],"wp:term":[{"taxonomy":"product_brand","embeddable":true,"href":"https:\/\/northlandvelo.eu\/it\/wp-json\/wp\/v2\/product_brand?post=10972"},{"taxonomy":"product_cat","embeddable":true,"href":"https:\/\/northlandvelo.eu\/it\/wp-json\/wp\/v2\/product_cat?post=10972"},{"taxonomy":"product_tag","embeddable":true,"href":"https:\/\/northlandvelo.eu\/it\/wp-json\/wp\/v2\/product_tag?post=10972"}],"curies":[{"name":"wp","href":"https:\/\/api.w.org\/{rel}","templated":true}]}}