{"id":11199,"date":"2026-02-04T18:27:56","date_gmt":"2026-02-04T18:27:56","guid":{"rendered":"https:\/\/northlandvelo.eu\/?post_type=product&#038;p=11199"},"modified":"2026-03-06T13:44:19","modified_gmt":"2026-03-06T13:44:19","slug":"alpha-series-gleitstangen","status":"publish","type":"product","link":"https:\/\/northlandvelo.eu\/it\/product\/alpha-series-gleitstangen\/","title":{"rendered":"Alpha Series and Buelk MK1 Tank Steering Gleitstangen"},"content":{"rendered":"<p>Sar\u00f2 sincero: non ho idea di come si chiami questo componente in inglese. Quello che so \u00e8 che si tratta di una parte fondamentale delle sospensioni. La versione originale di fabbrica \u00e8 in alluminio che, sebbene incredibilmente leggero, non \u00e8 molto resistente. Di conseguenza, con il passare del tempo, le Gleitstangen di fabbrica inizieranno ad avere l'aspetto di un albero che sta per essere abbattuto da un castoro indaffarato. Non \u00e8 certo quello che vorresti che accadesse alle tue preziose Gleitstangen. Axel H di Velomobile SH ha sviluppato queste Gleitstangen cromate in acciaio inossidabile che probabilmente potrebbero sopravvivere all'apocalisse. Anche se potrei offrirle in alluminio assicurandomi clienti abituali, preferisco offrirvi qualcosa che non si consumer\u00e0 mai. Queste Gleitstangen sono lavorate internamente secondo le specifiche pi\u00f9 rigorose.<\/p>\n<p>Cuscinetti per barre di scorrimento serie Alpha venduti separatamente (si tratta della parte nera nella foto)<\/p>\n<p><iframe loading=\"lazy\" title=\"The best Gleitstangen for Alpha Velomobiles?\" width=\"950\" height=\"534\" src=\"https:\/\/www.youtube.com\/embed\/9Kif7Gyl9qI?feature=oembed\" frameborder=\"0\" allow=\"accelerometer; autoplay; clipboard-write; encrypted-media; gyroscope; picture-in-picture; web-share\" referrerpolicy=\"strict-origin-when-cross-origin\" allowfullscreen><\/iframe><\/p>","protected":false},"excerpt":{"rendered":"<p>I&#8217;ll be honest; I have no idea what the word for these is in english. What I do know is that these are a critical suspension part. The original factory version is out of aluminum which, while incredibly light, is not very durable. As a result, the factory Gleitstangen will start to look over time &hellip; <\/p>\n<p class=\"link-more\"><a href=\"https:\/\/northlandvelo.eu\/it\/product\/alpha-series-gleitstangen\/\" class=\"more-link\">Leggi tutto<span class=\"screen-reader-text\"> &#8220;Alpha Series and Buelk MK1 Tank Steering Gleitstangen&#8221;<\/span><\/a><\/p>","protected":false},"featured_media":11201,"template":"","meta":[],"product_brand":[],"product_cat":[112],"product_tag":[142,141],"class_list":{"0":"post-11199","1":"product","2":"type-product","3":"status-publish","4":"has-post-thumbnail","6":"product_cat-part","7":"product_tag-alpha","8":"product_tag-gleitstangen","9":"product_shipping_class-small","11":"first","12":"instock","13":"taxable","14":"shipping-taxable","15":"purchasable","16":"product-type-variable"},"_links":{"self":[{"href":"https:\/\/northlandvelo.eu\/it\/wp-json\/wp\/v2\/product\/11199","targetHints":{"allow":["GET"]}}],"collection":[{"href":"https:\/\/northlandvelo.eu\/it\/wp-json\/wp\/v2\/product"}],"about":[{"href":"https:\/\/northlandvelo.eu\/it\/wp-json\/wp\/v2\/types\/product"}],"wp:featuredmedia":[{"embeddable":true,"href":"https:\/\/northlandvelo.eu\/it\/wp-json\/wp\/v2\/media\/11201"}],"wp:attachment":[{"href":"https:\/\/northlandvelo.eu\/it\/wp-json\/wp\/v2\/media?parent=11199"}],"wp:term":[{"taxonomy":"product_brand","embeddable":true,"href":"https:\/\/northlandvelo.eu\/it\/wp-json\/wp\/v2\/product_brand?post=11199"},{"taxonomy":"product_cat","embeddable":true,"href":"https:\/\/northlandvelo.eu\/it\/wp-json\/wp\/v2\/product_cat?post=11199"},{"taxonomy":"product_tag","embeddable":true,"href":"https:\/\/northlandvelo.eu\/it\/wp-json\/wp\/v2\/product_tag?post=11199"}],"curies":[{"name":"wp","href":"https:\/\/api.w.org\/{rel}","templated":true}]}}