{"id":11240,"date":"2026-02-04T19:44:09","date_gmt":"2026-02-04T19:44:09","guid":{"rendered":"https:\/\/northlandvelo.eu\/?post_type=product&#038;p=11240"},"modified":"2026-02-22T12:59:14","modified_gmt":"2026-02-22T12:59:14","slug":"iq-xl-hotspot-for-velomobiles","status":"publish","type":"product","link":"https:\/\/northlandvelo.eu\/it\/product\/iq-xl-hotspot-for-velomobiles\/","title":{"rendered":"Hotspot IQ-XL per velomobili"},"content":{"rendered":"<p>Il punto di riferimento definitivo per avere luci alte e luminose. Questa versione offre un supporto anteriore per il faro B&amp;M IQ-XL. Saranno disponibili due versioni, una con supporto posteriore per il Garmin Varia e un'altra pi\u00f9 aerodinamica dove \u00e8 possibile montare le proprie luci. Sebbene sia progettato per adattarsi alle velomobili Buelk, pu\u00f2 essere adattato anche ad altri modelli, tra cui DF\/DFXL, Quest, QV, Mango, Strada, Milan e probabilmente alcuni altri. Per informazioni su come adattarlo ad altri paraurti anteriori, inviatemi un messaggio privato. Stampato in ASA per una maggiore durata.<\/p>\n<p>Si prega di notare che gli articoli stampati in 3D possono talvolta presentare piccoli difetti estetici. Tali difetti non influiscono sulla funzionalit\u00e0 del prodotto e sono puramente di natura estetica. Si prega inoltre di notare che i materiali stampati in 3D sono realizzati in plastica e sono soggetti a graffi.<\/p>\n<p><iframe loading=\"lazy\" title=\"Safety Solutions for Your Velomobile: Lights, Lights, and More Lights!\" width=\"950\" height=\"534\" src=\"https:\/\/www.youtube.com\/embed\/mNLXYRkUN44?feature=oembed\" frameborder=\"0\" allow=\"accelerometer; autoplay; clipboard-write; encrypted-media; gyroscope; picture-in-picture; web-share\" referrerpolicy=\"strict-origin-when-cross-origin\" allowfullscreen><\/iframe><\/p>","protected":false},"excerpt":{"rendered":"<p>The ultimate hotspot to get your lights up high and bright. This version offers a mount in front for the B&amp;M IQ-XL headlight. There will be two versions, one with a mount in the rear for the Garmin Varia, and another more aero tail where you can mount your own lights. While this is designed &hellip; <\/p>\n<p class=\"link-more\"><a href=\"https:\/\/northlandvelo.eu\/it\/product\/iq-xl-hotspot-for-velomobiles\/\" class=\"more-link\">Leggi tutto<span class=\"screen-reader-text\"> &#8220;IQ-XL Hotspot for Velomobiles&#8221;<\/span><\/a><\/p>","protected":false},"featured_media":11248,"template":"","meta":[],"product_brand":[],"product_cat":[66,118],"product_tag":[154],"class_list":{"0":"post-11240","1":"product","2":"type-product","3":"status-publish","4":"has-post-thumbnail","6":"product_cat-accessories","7":"product_cat-safety","8":"product_tag-hotspot-lighting","9":"product_shipping_class-small","11":"first","12":"instock","13":"taxable","14":"shipping-taxable","15":"purchasable","16":"product-type-variable"},"_links":{"self":[{"href":"https:\/\/northlandvelo.eu\/it\/wp-json\/wp\/v2\/product\/11240","targetHints":{"allow":["GET"]}}],"collection":[{"href":"https:\/\/northlandvelo.eu\/it\/wp-json\/wp\/v2\/product"}],"about":[{"href":"https:\/\/northlandvelo.eu\/it\/wp-json\/wp\/v2\/types\/product"}],"wp:featuredmedia":[{"embeddable":true,"href":"https:\/\/northlandvelo.eu\/it\/wp-json\/wp\/v2\/media\/11248"}],"wp:attachment":[{"href":"https:\/\/northlandvelo.eu\/it\/wp-json\/wp\/v2\/media?parent=11240"}],"wp:term":[{"taxonomy":"product_brand","embeddable":true,"href":"https:\/\/northlandvelo.eu\/it\/wp-json\/wp\/v2\/product_brand?post=11240"},{"taxonomy":"product_cat","embeddable":true,"href":"https:\/\/northlandvelo.eu\/it\/wp-json\/wp\/v2\/product_cat?post=11240"},{"taxonomy":"product_tag","embeddable":true,"href":"https:\/\/northlandvelo.eu\/it\/wp-json\/wp\/v2\/product_tag?post=11240"}],"curies":[{"name":"wp","href":"https:\/\/api.w.org\/{rel}","templated":true}]}}