{"id":11261,"date":"2026-02-04T20:05:42","date_gmt":"2026-02-04T20:05:42","guid":{"rendered":"https:\/\/northlandvelo.eu\/?post_type=product&#038;p=11261"},"modified":"2026-02-22T12:49:19","modified_gmt":"2026-02-22T12:49:19","slug":"alpha-series-strut-bearings","status":"publish","type":"product","link":"https:\/\/northlandvelo.eu\/it\/product\/alpha-series-strut-bearings\/","title":{"rendered":"Cuscinetti per montanti serie Alpha"},"content":{"rendered":"<p>Questi cuscinetti di ricambio della serie Alpha sono la soluzione ideale per i cuscinetti usurati dei primi modelli della serie Alpha. Con questi ricambi non solo \u00e8 possibile sostituire il cuscinetto liscio danneggiato, ma anche riportare l'asta nella posizione corretta per una manovrabilit\u00e0 ottimale. Sono inclusi due supporti stampati in 3D di alta qualit\u00e0 e le calotte corrispondenti per l'asta del cuscinetto liscio. \u00c8 gi\u00e0 incluso anche il collegamento a vite necessario. Con i cuscinetti per montanti della serie Alpha, \u00e8 possibile riportare rapidamente e in modo economico la propria velomobile in condizioni ottimali.<\/p>\n<p><iframe loading=\"lazy\" title=\"The best Gleitstangen for Alpha Velomobiles?\" width=\"950\" height=\"534\" src=\"https:\/\/www.youtube.com\/embed\/9Kif7Gyl9qI?feature=oembed\" frameborder=\"0\" allow=\"accelerometer; autoplay; clipboard-write; encrypted-media; gyroscope; picture-in-picture; web-share\" referrerpolicy=\"strict-origin-when-cross-origin\" allowfullscreen><\/iframe><\/p>","protected":false},"excerpt":{"rendered":"<p>These replacement Alpha series strut bearings are the ideal solution for worn strut bearings on the first models of the Alpha series. With these replacements you can not only replace the damaged plain bearing, but also bring the rod back into the correct position for optimal handling. Included are two high-quality 3D printed pans as &hellip; <\/p>\n<p class=\"link-more\"><a href=\"https:\/\/northlandvelo.eu\/it\/product\/alpha-series-strut-bearings\/\" class=\"more-link\">Leggi tutto<span class=\"screen-reader-text\"> &#8220;Alpha Series Strut Bearings&#8221;<\/span><\/a><\/p>","protected":false},"featured_media":11262,"template":"","meta":[],"product_brand":[139],"product_cat":[112],"product_tag":[156],"class_list":{"0":"post-11261","1":"product","2":"type-product","3":"status-publish","4":"has-post-thumbnail","6":"product_brand-igus","7":"product_cat-part","8":"product_tag-alpha-struts","9":"product_shipping_class-letterbox","11":"first","12":"instock","13":"taxable","14":"shipping-taxable","15":"product-type-simple"},"_links":{"self":[{"href":"https:\/\/northlandvelo.eu\/it\/wp-json\/wp\/v2\/product\/11261","targetHints":{"allow":["GET"]}}],"collection":[{"href":"https:\/\/northlandvelo.eu\/it\/wp-json\/wp\/v2\/product"}],"about":[{"href":"https:\/\/northlandvelo.eu\/it\/wp-json\/wp\/v2\/types\/product"}],"wp:featuredmedia":[{"embeddable":true,"href":"https:\/\/northlandvelo.eu\/it\/wp-json\/wp\/v2\/media\/11262"}],"wp:attachment":[{"href":"https:\/\/northlandvelo.eu\/it\/wp-json\/wp\/v2\/media?parent=11261"}],"wp:term":[{"taxonomy":"product_brand","embeddable":true,"href":"https:\/\/northlandvelo.eu\/it\/wp-json\/wp\/v2\/product_brand?post=11261"},{"taxonomy":"product_cat","embeddable":true,"href":"https:\/\/northlandvelo.eu\/it\/wp-json\/wp\/v2\/product_cat?post=11261"},{"taxonomy":"product_tag","embeddable":true,"href":"https:\/\/northlandvelo.eu\/it\/wp-json\/wp\/v2\/product_tag?post=11261"}],"curies":[{"name":"wp","href":"https:\/\/api.w.org\/{rel}","templated":true}]}}