{"id":11277,"date":"2026-02-04T20:31:08","date_gmt":"2026-02-04T20:31:08","guid":{"rendered":"https:\/\/northlandvelo.eu\/?post_type=product&#038;p=11277"},"modified":"2026-02-22T12:30:37","modified_gmt":"2026-02-22T12:30:37","slug":"water-bottle-holder-elbow-rests","status":"publish","type":"product","link":"https:\/\/northlandvelo.eu\/it\/product\/water-bottle-holder-elbow-rests\/","title":{"rendered":"Portabottiglia poggia gomiti"},"content":{"rendered":"<p>Questi braccioli si adattano comodamente sotto le braccia sia per la guida con serbatoio che con timone. Sono dotati di un vano portaoggetti per bottiglie d'acqua standard. Velcro incluso per il montaggio a parete. Disponibili sia in PETG resistente ai raggi UV che in TPE 83a morbido e di supporto.<\/p>\n<p>For velomobiler med tankstyring skal disse arml\u00e6n monteres ret lavt, is\u00e6r i W9. Af den grund findes der en specialversion til W9. Bem\u00e6rk, at denne version IKKE har plads nok til en vandflaske, men det mindre opbevaringsrum kan stadig bruges til sm\u00e5 v\u00e6rkt\u00f8jer og en ekstra slange.<\/p>\n<p>Si prega di notare che gli articoli stampati in 3D possono talvolta presentare piccoli difetti estetici. Tali difetti non influiscono sulla funzionalit\u00e0 del prodotto e sono puramente di natura estetica. Si prega inoltre di notare che i materiali stampati in 3D sono realizzati in plastica e sono soggetti a graffi.<\/p>\n<p><iframe loading=\"lazy\" title=\"Water Bottle Holder Elbow Rests for Velomobiles\" width=\"950\" height=\"534\" src=\"https:\/\/www.youtube.com\/embed\/7okaXW9a8Tw?feature=oembed\" frameborder=\"0\" allow=\"accelerometer; autoplay; clipboard-write; encrypted-media; gyroscope; picture-in-picture; web-share\" referrerpolicy=\"strict-origin-when-cross-origin\" allowfullscreen><\/iframe><\/p>","protected":false},"excerpt":{"rendered":"<p>These arm rests fit comfortably under the arms for both tank and tiller steering. They include a storage spot for standard water bottles. Velcro included for mounting on the wall. Available both in UV-resistant PETG and soft and supportive 83a TPE. For velomobiles with tank steering, these arm rests need to be mounted quite low, &hellip; <\/p>\n<p class=\"link-more\"><a href=\"https:\/\/northlandvelo.eu\/it\/product\/water-bottle-holder-elbow-rests\/\" class=\"more-link\">Leggi tutto<span class=\"screen-reader-text\"> &#8220;Water Bottle Holder Elbow Rests&#8221;<\/span><\/a><\/p>","protected":false},"featured_media":9689,"template":"","meta":[],"product_brand":[],"product_cat":[66,119],"product_tag":[160],"class_list":{"0":"post-11277","1":"product","2":"type-product","3":"status-publish","4":"has-post-thumbnail","6":"product_cat-accessories","7":"product_cat-comfort","8":"product_tag-elbow-rests","9":"product_shipping_class-small","11":"first","12":"instock","13":"taxable","14":"shipping-taxable","15":"purchasable","16":"product-type-variable"},"_links":{"self":[{"href":"https:\/\/northlandvelo.eu\/it\/wp-json\/wp\/v2\/product\/11277","targetHints":{"allow":["GET"]}}],"collection":[{"href":"https:\/\/northlandvelo.eu\/it\/wp-json\/wp\/v2\/product"}],"about":[{"href":"https:\/\/northlandvelo.eu\/it\/wp-json\/wp\/v2\/types\/product"}],"wp:featuredmedia":[{"embeddable":true,"href":"https:\/\/northlandvelo.eu\/it\/wp-json\/wp\/v2\/media\/9689"}],"wp:attachment":[{"href":"https:\/\/northlandvelo.eu\/it\/wp-json\/wp\/v2\/media?parent=11277"}],"wp:term":[{"taxonomy":"product_brand","embeddable":true,"href":"https:\/\/northlandvelo.eu\/it\/wp-json\/wp\/v2\/product_brand?post=11277"},{"taxonomy":"product_cat","embeddable":true,"href":"https:\/\/northlandvelo.eu\/it\/wp-json\/wp\/v2\/product_cat?post=11277"},{"taxonomy":"product_tag","embeddable":true,"href":"https:\/\/northlandvelo.eu\/it\/wp-json\/wp\/v2\/product_tag?post=11277"}],"curies":[{"name":"wp","href":"https:\/\/api.w.org\/{rel}","templated":true}]}}