{"id":9196,"date":"2023-06-26T16:15:07","date_gmt":"2023-06-26T16:15:07","guid":{"rendered":"https:\/\/demo.wpzoom.com\/inspiro-lite-woo\/?post_type=product&#038;p=9196"},"modified":"2026-03-11T07:44:17","modified_gmt":"2026-03-11T07:44:17","slug":"brake-clamp","status":"publish","type":"product","link":"https:\/\/northlandvelo.eu\/it\/product\/brake-clamp\/","title":{"rendered":"Morsetto per cavo freno Velomobile 1,6 mm"},"content":{"rendered":"<p>Se avete mai dovuto regolare il fermo del cavo sui freni a tamburo, sapete quanto possa essere un'esperienza spiacevole. \u00c8 abbastanza complicato tenere il fermo del cavo in posizione senza rovinare i bordi, e il cavo non ne esce particolarmente bene neanche. Velomobile SH ha trovato la soluzione perfetta: il V4A. Questa morsa permette di fissare facilmente il cavo del freno. \u00c8 composta da due parti. Durante il serraggio delle viti, il corpo pu\u00f2 essere bloccato con una chiave a brugola da 10 mm. Il V4A \u00e8 resistente all'acqua salata in inverno, quindi non arrugginir\u00e0.<\/p>\n<p>venduto singolarmente<\/p>\n<p>Quando installi questi fermi per cavi, assicurati di testare attentamente i freni e di garantire che queste pinze siano fissate saldamente e correttamente. Se non hai mai regolato i freni in precedenza, \u00e8 consigliabile rivolgersi a un rivenditore qualificato nella tua zona. Northland Velo.nl non offre attualmente servizi di installazione. *Circa 5 Nm di coppia sono sufficienti per la pinza del cavo. I bulloni sono in acciaio inox. Un serraggio eccessivo dei bulloni pu\u00f2 portare alla rottura delle teste dei bulloni.<\/p>\n<p><iframe loading=\"lazy\" title=\"Velomobile Brake Cable Clamps with Easy Adjustment\" width=\"950\" height=\"534\" src=\"https:\/\/www.youtube.com\/embed\/v0XdKS0B6wM?feature=oembed\" frameborder=\"0\" allow=\"accelerometer; autoplay; clipboard-write; encrypted-media; gyroscope; picture-in-picture; web-share\" referrerpolicy=\"strict-origin-when-cross-origin\" allowfullscreen><\/iframe><\/p>","protected":false},"excerpt":{"rendered":"<p>If you&#8217;ve ever had to adjust the cable stop on drum brakes, you know what an unpleasant experience it is. It&#8217;s quite a trick to hold the cable stop in place without chewing up the edges, and the cable doesn&#8217;t come out looking too good either. Velomobile SH found the perfect solution: the V4A. This &hellip; <\/p>\n<p class=\"link-more\"><a href=\"https:\/\/northlandvelo.eu\/it\/product\/brake-clamp\/\" class=\"more-link\">Leggi tutto<span class=\"screen-reader-text\"> &#8220;1.6mm Velomobile Brake Cable Clamp&#8221;<\/span><\/a><\/p>","protected":false},"featured_media":9532,"template":"","meta":[],"product_brand":[],"product_cat":[112],"product_tag":[122],"class_list":{"0":"post-9196","1":"product","2":"type-product","3":"status-publish","4":"has-post-thumbnail","6":"product_cat-part","7":"product_tag-brakes","8":"product_shipping_class-envelope","10":"first","11":"instock","12":"taxable","13":"shipping-taxable","14":"purchasable","15":"product-type-simple"},"_links":{"self":[{"href":"https:\/\/northlandvelo.eu\/it\/wp-json\/wp\/v2\/product\/9196","targetHints":{"allow":["GET"]}}],"collection":[{"href":"https:\/\/northlandvelo.eu\/it\/wp-json\/wp\/v2\/product"}],"about":[{"href":"https:\/\/northlandvelo.eu\/it\/wp-json\/wp\/v2\/types\/product"}],"wp:featuredmedia":[{"embeddable":true,"href":"https:\/\/northlandvelo.eu\/it\/wp-json\/wp\/v2\/media\/9532"}],"wp:attachment":[{"href":"https:\/\/northlandvelo.eu\/it\/wp-json\/wp\/v2\/media?parent=9196"}],"wp:term":[{"taxonomy":"product_brand","embeddable":true,"href":"https:\/\/northlandvelo.eu\/it\/wp-json\/wp\/v2\/product_brand?post=9196"},{"taxonomy":"product_cat","embeddable":true,"href":"https:\/\/northlandvelo.eu\/it\/wp-json\/wp\/v2\/product_cat?post=9196"},{"taxonomy":"product_tag","embeddable":true,"href":"https:\/\/northlandvelo.eu\/it\/wp-json\/wp\/v2\/product_tag?post=9196"}],"curies":[{"name":"wp","href":"https:\/\/api.w.org\/{rel}","templated":true}]}}